
	{"id":3340,"date":"2018-01-17T09:22:49","date_gmt":"2018-01-17T11:22:49","guid":{"rendered":"http:\/\/ecursos.treinaonline.com\/?page_id=3340"},"modified":"2024-10-27T10:08:09","modified_gmt":"2024-10-27T13:08:09","slug":"primeiro-acesso","status":"publish","type":"page","link":"https:\/\/ecursos.showdepremiosbendicasa.com.br\/?page_id=3340","title":{"rendered":"Primeiro Acesso"},"content":{"rendered":"<p>[vc_row][vc_column width=&#8221;1\/2&#8243;][vc_column_text]Ol\u00e1, seja muito bem vindo ao seu primeiro acesso a plataforma de ensino da Treina Online!<\/p>\n<p>Aqui, voc\u00ea ir\u00e1 definir uma senha de acesso para acessar o nosso site posteriormente.[\/vc_column_text][\/vc_column][vc_column width=&#8221;1\/2&#8243;][vc_column_text]<strong>Por favor, insira a sua senha de acesso:<\/strong>[\/vc_column_text][vc_raw_html]JTNDZm9ybSUyMG1ldGhvZCUzRCUyMnBvc3QlMjIlMjBhY3Rpb24lM0QlMjIlMkYlM0ZwYWdlX2lkJTNEMzUwMiUyMiUzRSUwQSUzQ3AlM0UlMEElM0NsYWJlbCUyMGZvciUzRCUyMnBhc3NhcG9ydGUlMjIlM0VTZXUlMjBwYXNzYXBvcnRlJTNBJTNDJTJGbGFiZWwlM0UlMEElM0NpbnB1dCUyMHR5cGUlM0QlMjJ0ZXh0JTIyJTIwbmFtZSUzRCUyMnBhc3NhcG9ydGUlMjIlMjBjbGFzcyUzRCUyMnBhc3NhcG9ydGUlMjIlM0UlMEElM0MlMkZwJTNFJTBBJTNDcCUzRSUwQSUzQ2lucHV0JTIwdHlwZSUzRCUyMnN1Ym1pdCUyMiUzRSUwQSUzQyUyRnAlM0UlMEElM0MlMkZmb3JtJTNF[\/vc_raw_html][\/vc_column][\/vc_row]<\/p>\n","protected":false},"excerpt":{"rendered":"<p>[vc_row][vc_column width=&#8221;1\/2&#8243;][vc_column_text]Ol\u00e1, seja muito bem vindo ao seu primeiro acesso a plataforma de ensino da Treina Online! Aqui, voc\u00ea ir\u00e1 definir uma senha de acesso para acessar o nosso site posteriormente.[\/vc_column_text][\/vc_column][vc_column width=&#8221;1\/2&#8243;][vc_column_text]Por favor, insira a sua senha de acesso:[\/vc_column_text][vc_raw_html]JTNDZm9ybSUyMG1ldGhvZCUzRCUyMnBvc3QlMjIlMjBhY3Rpb24lM0QlMjIlMkYlM0ZwYWdlX2lkJTNEMzUwMiUyMiUzRSUwQSUzQ3AlM0UlMEElM0NsYWJlbCUyMGZvciUzRCUyMnBhc3NhcG9ydGUlMjIlM0VTZXUlMjBwYXNzYXBvcnRlJTNBJTNDJTJGbGFiZWwlM0UlMEElM0NpbnB1dCUyMHR5cGUlM0QlMjJ0ZXh0JTIyJTIwbmFtZSUzRCUyMnBhc3NhcG9ydGUlMjIlMjBjbGFzcyUzRCUyMnBhc3NhcG9ydGUlMjIlM0UlMEElM0MlMkZwJTNFJTBBJTNDcCUzRSUwQSUzQ2lucHV0JTIwdHlwZSUzRCUyMnN1Ym1pdCUyMiUzRSUwQSUzQyUyRnAlM0UlMEElM0MlMkZmb3JtJTNF[\/vc_raw_html][\/vc_column][\/vc_row]<\/p>\n","protected":false},"author":2,"featured_media":0,"parent":0,"menu_order":0,"comment_status":"closed","ping_status":"closed","template":"","meta":{"footnotes":""},"class_list":["post-3340","page","type-page","status-publish","hentry"],"_links":{"self":[{"href":"https:\/\/ecursos.showdepremiosbendicasa.com.br\/index.php?rest_route=\/wp\/v2\/pages\/3340"}],"collection":[{"href":"https:\/\/ecursos.showdepremiosbendicasa.com.br\/index.php?rest_route=\/wp\/v2\/pages"}],"about":[{"href":"https:\/\/ecursos.showdepremiosbendicasa.com.br\/index.php?rest_route=\/wp\/v2\/types\/page"}],"author":[{"embeddable":true,"href":"https:\/\/ecursos.showdepremiosbendicasa.com.br\/index.php?rest_route=\/wp\/v2\/users\/2"}],"replies":[{"embeddable":true,"href":"https:\/\/ecursos.showdepremiosbendicasa.com.br\/index.php?rest_route=%2Fwp%2Fv2%2Fcomments&post=3340"}],"version-history":[{"count":17,"href":"https:\/\/ecursos.showdepremiosbendicasa.com.br\/index.php?rest_route=\/wp\/v2\/pages\/3340\/revisions"}],"predecessor-version":[{"id":86787,"href":"https:\/\/ecursos.showdepremiosbendicasa.com.br\/index.php?rest_route=\/wp\/v2\/pages\/3340\/revisions\/86787"}],"wp:attachment":[{"href":"https:\/\/ecursos.showdepremiosbendicasa.com.br\/index.php?rest_route=%2Fwp%2Fv2%2Fmedia&parent=3340"}],"curies":[{"name":"wp","href":"https:\/\/api.w.org\/{rel}","templated":true}]}}