
	{"id":16483,"date":"2021-01-24T17:55:23","date_gmt":"2021-01-24T19:55:23","guid":{"rendered":"http:\/\/ecursos.treinaonline.com\/produto\/curso-de-actionscript-3-0\/"},"modified":"2021-01-24T17:55:23","modified_gmt":"2021-01-24T19:55:23","slug":"curso-de-actionscript-3-0","status":"publish","type":"product","link":"https:\/\/ecursos.showdepremiosbendicasa.com.br\/?product=curso-de-actionscript-3-0","title":{"rendered":"Curso de Actionscript 3.0"},"content":{"rendered":"<p>Explica e ensinar as principais ferramentas e fun\u00e7\u00f5es do Actionscripit 3.0 para a programa\u00e7\u00e3o de sites e jogos. Nesse curso voc\u00ea vai visualizar recursos importantes desse software como, por exemplo, a declara\u00e7\u00e3o de vari\u00e1veis e condicionais e o trabalhado com as propriedades dos objetos, como a sua opacidade, visibilidade e rota\u00e7\u00e3o.<\/p>\n<p>Sobre a carga hor\u00e1ria:<br \/>\nO curso possui 80 horas de carga hor\u00e1ria. Por\u00e9m, se for conclu\u00eddo antes de 5 dias, passa a ter 10 horas de carga hor\u00e1ria. Conforme nosso contrato e termos de uso.<\/p>\n","protected":false},"excerpt":{"rendered":"<p>Explica e ensinar as principais ferramentas e fun\u00e7\u00f5es do Actionscripit 3.0 para a programa\u00e7\u00e3o de sites e jogos. Nesse curso voc\u00ea vai visualizar recursos importantes desse software como, por exemplo, a declara\u00e7\u00e3o de vari\u00e1veis e condicionais e o trabalhado com as propriedades dos objetos, como a sua opacidade, visibilidade e rota\u00e7\u00e3o. Sobre a carga hor\u00e1ria: O curso possui 80 horas [&hellip;]<\/p>\n","protected":false},"featured_media":0,"comment_status":"open","ping_status":"closed","template":"","meta":[],"product_cat":[233],"product_tag":[],"class_list":{"0":"post-16483","1":"product","2":"type-product","3":"status-publish","5":"product_cat-programacao-e-desenvolvimento","6":"post","8":"first","9":"instock","10":"virtual","11":"sold-individually","12":"product-type-simple"},"_links":{"self":[{"href":"https:\/\/ecursos.showdepremiosbendicasa.com.br\/index.php?rest_route=\/wp\/v2\/product\/16483"}],"collection":[{"href":"https:\/\/ecursos.showdepremiosbendicasa.com.br\/index.php?rest_route=\/wp\/v2\/product"}],"about":[{"href":"https:\/\/ecursos.showdepremiosbendicasa.com.br\/index.php?rest_route=\/wp\/v2\/types\/product"}],"replies":[{"embeddable":true,"href":"https:\/\/ecursos.showdepremiosbendicasa.com.br\/index.php?rest_route=%2Fwp%2Fv2%2Fcomments&post=16483"}],"version-history":[{"count":0,"href":"https:\/\/ecursos.showdepremiosbendicasa.com.br\/index.php?rest_route=\/wp\/v2\/product\/16483\/revisions"}],"wp:attachment":[{"href":"https:\/\/ecursos.showdepremiosbendicasa.com.br\/index.php?rest_route=%2Fwp%2Fv2%2Fmedia&parent=16483"}],"wp:term":[{"taxonomy":"product_cat","embeddable":true,"href":"https:\/\/ecursos.showdepremiosbendicasa.com.br\/index.php?rest_route=%2Fwp%2Fv2%2Fproduct_cat&post=16483"},{"taxonomy":"product_tag","embeddable":true,"href":"https:\/\/ecursos.showdepremiosbendicasa.com.br\/index.php?rest_route=%2Fwp%2Fv2%2Fproduct_tag&post=16483"}],"curies":[{"name":"wp","href":"https:\/\/api.w.org\/{rel}","templated":true}]}}