
	{"id":16487,"date":"2021-01-24T17:55:26","date_gmt":"2021-01-24T19:55:26","guid":{"rendered":"http:\/\/ecursos.treinaonline.com\/produto\/curso-de-administracao-para-condominios\/"},"modified":"2021-01-24T17:55:26","modified_gmt":"2021-01-24T19:55:26","slug":"curso-de-administracao-para-condominios","status":"publish","type":"product","link":"https:\/\/ecursos.showdepremiosbendicasa.com.br\/?product=curso-de-administracao-para-condominios","title":{"rendered":"Curso de Administra\u00e7\u00e3o para Condom\u00ednios"},"content":{"rendered":"<p>Voc\u00ea aprende qual a documenta\u00e7\u00e3o necess\u00e1ria para a forma\u00e7\u00e3o de um condom\u00ednio, como administr\u00e1-lo, qual o melhor tipo de administra\u00e7\u00e3o, a inadimpl\u00eancia, as a\u00e7\u00f5es judiciais, as assembleias de condom\u00ednio, as puni\u00e7\u00f5es e toda a legisla\u00e7\u00e3o necess\u00e1ria.<\/p>\n<p>Sobre a carga hor\u00e1ria:<br \/>\nO curso possui 80 horas de carga hor\u00e1ria. Por\u00e9m, se for conclu\u00eddo antes de 5 dias, passa a ter 10 horas de carga hor\u00e1ria. Conforme nosso contrato e termos de uso.<\/p>\n","protected":false},"excerpt":{"rendered":"<p>Voc\u00ea aprende qual a documenta\u00e7\u00e3o necess\u00e1ria para a forma\u00e7\u00e3o de um condom\u00ednio, como administr\u00e1-lo, qual o melhor tipo de administra\u00e7\u00e3o, a inadimpl\u00eancia, as a\u00e7\u00f5es judiciais, as assembleias de condom\u00ednio, as puni\u00e7\u00f5es e toda a legisla\u00e7\u00e3o necess\u00e1ria. Sobre a carga hor\u00e1ria: O curso possui 80 horas de carga hor\u00e1ria. Por\u00e9m, se for conclu\u00eddo antes de 5 dias, passa a ter 10 [&hellip;]<\/p>\n","protected":false},"featured_media":0,"comment_status":"open","ping_status":"closed","template":"","meta":[],"product_cat":[199],"product_tag":[],"class_list":{"0":"post-16487","1":"product","2":"type-product","3":"status-publish","5":"product_cat-administracao","6":"post","8":"first","9":"instock","10":"virtual","11":"sold-individually","12":"product-type-simple"},"_links":{"self":[{"href":"https:\/\/ecursos.showdepremiosbendicasa.com.br\/index.php?rest_route=\/wp\/v2\/product\/16487"}],"collection":[{"href":"https:\/\/ecursos.showdepremiosbendicasa.com.br\/index.php?rest_route=\/wp\/v2\/product"}],"about":[{"href":"https:\/\/ecursos.showdepremiosbendicasa.com.br\/index.php?rest_route=\/wp\/v2\/types\/product"}],"replies":[{"embeddable":true,"href":"https:\/\/ecursos.showdepremiosbendicasa.com.br\/index.php?rest_route=%2Fwp%2Fv2%2Fcomments&post=16487"}],"version-history":[{"count":0,"href":"https:\/\/ecursos.showdepremiosbendicasa.com.br\/index.php?rest_route=\/wp\/v2\/product\/16487\/revisions"}],"wp:attachment":[{"href":"https:\/\/ecursos.showdepremiosbendicasa.com.br\/index.php?rest_route=%2Fwp%2Fv2%2Fmedia&parent=16487"}],"wp:term":[{"taxonomy":"product_cat","embeddable":true,"href":"https:\/\/ecursos.showdepremiosbendicasa.com.br\/index.php?rest_route=%2Fwp%2Fv2%2Fproduct_cat&post=16487"},{"taxonomy":"product_tag","embeddable":true,"href":"https:\/\/ecursos.showdepremiosbendicasa.com.br\/index.php?rest_route=%2Fwp%2Fv2%2Fproduct_tag&post=16487"}],"curies":[{"name":"wp","href":"https:\/\/api.w.org\/{rel}","templated":true}]}}