
	{"id":16489,"date":"2021-01-24T17:55:28","date_gmt":"2021-01-24T19:55:28","guid":{"rendered":"http:\/\/ecursos.treinaonline.com\/produto\/curso-de-adobe-muse-cc\/"},"modified":"2021-01-24T17:55:28","modified_gmt":"2021-01-24T19:55:28","slug":"curso-de-adobe-muse-cc","status":"publish","type":"product","link":"https:\/\/ecursos.showdepremiosbendicasa.com.br\/?product=curso-de-adobe-muse-cc","title":{"rendered":"Curso de Adobe Muse CC"},"content":{"rendered":"<p>Voc\u00ea aprende Nesse curso voc\u00ea aprender\u00e1 a criar sites sem usar nenhum tipo de programa\u00e7\u00e3o para dispositivos como: desktop, tablet e smartphone de maneira f\u00e1cil, r\u00e1pida e profissional. Voc\u00ea poder\u00e1 trabalhar com imagens de fundo em seu site usando o recurso Scale to Fill que posiciona a imagem adequadamente na tela ou Scroll que proporciona efeito de rolagem na imagem.<\/p>\n<p>Sobre a carga hor\u00e1ria:<br \/>\nO curso possui 80 horas de carga hor\u00e1ria. Por\u00e9m, se for conclu\u00eddo antes de 5 dias, passa a ter 10 horas de carga hor\u00e1ria. Conforme nosso contrato e termos de uso.<\/p>\n","protected":false},"excerpt":{"rendered":"<p>Voc\u00ea aprende Nesse curso voc\u00ea aprender\u00e1 a criar sites sem usar nenhum tipo de programa\u00e7\u00e3o para dispositivos como: desktop, tablet e smartphone de maneira f\u00e1cil, r\u00e1pida e profissional. Voc\u00ea poder\u00e1 trabalhar com imagens de fundo em seu site usando o recurso Scale to Fill que posiciona a imagem adequadamente na tela ou Scroll que proporciona efeito de rolagem na imagem. [&hellip;]<\/p>\n","protected":false},"featured_media":0,"comment_status":"open","ping_status":"closed","template":"","meta":[],"product_cat":[233],"product_tag":[],"class_list":{"0":"post-16489","1":"product","2":"type-product","3":"status-publish","5":"product_cat-programacao-e-desenvolvimento","6":"post","8":"first","9":"instock","10":"virtual","11":"sold-individually","12":"product-type-simple"},"_links":{"self":[{"href":"https:\/\/ecursos.showdepremiosbendicasa.com.br\/index.php?rest_route=\/wp\/v2\/product\/16489"}],"collection":[{"href":"https:\/\/ecursos.showdepremiosbendicasa.com.br\/index.php?rest_route=\/wp\/v2\/product"}],"about":[{"href":"https:\/\/ecursos.showdepremiosbendicasa.com.br\/index.php?rest_route=\/wp\/v2\/types\/product"}],"replies":[{"embeddable":true,"href":"https:\/\/ecursos.showdepremiosbendicasa.com.br\/index.php?rest_route=%2Fwp%2Fv2%2Fcomments&post=16489"}],"version-history":[{"count":0,"href":"https:\/\/ecursos.showdepremiosbendicasa.com.br\/index.php?rest_route=\/wp\/v2\/product\/16489\/revisions"}],"wp:attachment":[{"href":"https:\/\/ecursos.showdepremiosbendicasa.com.br\/index.php?rest_route=%2Fwp%2Fv2%2Fmedia&parent=16489"}],"wp:term":[{"taxonomy":"product_cat","embeddable":true,"href":"https:\/\/ecursos.showdepremiosbendicasa.com.br\/index.php?rest_route=%2Fwp%2Fv2%2Fproduct_cat&post=16489"},{"taxonomy":"product_tag","embeddable":true,"href":"https:\/\/ecursos.showdepremiosbendicasa.com.br\/index.php?rest_route=%2Fwp%2Fv2%2Fproduct_tag&post=16489"}],"curies":[{"name":"wp","href":"https:\/\/api.w.org\/{rel}","templated":true}]}}