
	{"id":16521,"date":"2021-01-24T17:56:04","date_gmt":"2021-01-24T19:56:04","guid":{"rendered":"http:\/\/ecursos.treinaonline.com\/produto\/curso-de-atividade-fisica-no-envelhecimento\/"},"modified":"2021-01-24T17:56:04","modified_gmt":"2021-01-24T19:56:04","slug":"curso-de-atividade-fisica-no-envelhecimento","status":"publish","type":"product","link":"https:\/\/ecursos.showdepremiosbendicasa.com.br\/?product=curso-de-atividade-fisica-no-envelhecimento","title":{"rendered":"Curso de Atividade F\u00edsica no Envelhecimento"},"content":{"rendered":"<p>Apresenta exerc\u00edcios para trabalhar a mobilidade, fortalecimento e alongamento dos principais m\u00fasculos e articula\u00e7\u00f5es que sofrem com o processo do envelhecimento. Dicas para treinar o c\u00e9rebro e desenvolver fun\u00e7\u00f5es cognitivas, pilares da longevidade saud\u00e1vel e muito mais.<\/p>\n<p>Sobre a carga hor\u00e1ria:<br \/>\nO curso possui 80 horas de carga hor\u00e1ria. Por\u00e9m, se for conclu\u00eddo antes de 5 dias, passa a ter 10 horas de carga hor\u00e1ria. Conforme nosso contrato e termos de uso.<\/p>\n","protected":false},"excerpt":{"rendered":"<p>Apresenta exerc\u00edcios para trabalhar a mobilidade, fortalecimento e alongamento dos principais m\u00fasculos e articula\u00e7\u00f5es que sofrem com o processo do envelhecimento. Dicas para treinar o c\u00e9rebro e desenvolver fun\u00e7\u00f5es cognitivas, pilares da longevidade saud\u00e1vel e muito mais. Sobre a carga hor\u00e1ria: O curso possui 80 horas de carga hor\u00e1ria. Por\u00e9m, se for conclu\u00eddo antes de 5 dias, passa a ter [&hellip;]<\/p>\n","protected":false},"featured_media":0,"comment_status":"open","ping_status":"closed","template":"","meta":[],"product_cat":[214],"product_tag":[],"class_list":{"0":"post-16521","1":"product","2":"type-product","3":"status-publish","5":"product_cat-educacao-fisica-e-esporte","6":"post","8":"first","9":"instock","10":"virtual","11":"sold-individually","12":"product-type-simple"},"_links":{"self":[{"href":"https:\/\/ecursos.showdepremiosbendicasa.com.br\/index.php?rest_route=\/wp\/v2\/product\/16521"}],"collection":[{"href":"https:\/\/ecursos.showdepremiosbendicasa.com.br\/index.php?rest_route=\/wp\/v2\/product"}],"about":[{"href":"https:\/\/ecursos.showdepremiosbendicasa.com.br\/index.php?rest_route=\/wp\/v2\/types\/product"}],"replies":[{"embeddable":true,"href":"https:\/\/ecursos.showdepremiosbendicasa.com.br\/index.php?rest_route=%2Fwp%2Fv2%2Fcomments&post=16521"}],"version-history":[{"count":0,"href":"https:\/\/ecursos.showdepremiosbendicasa.com.br\/index.php?rest_route=\/wp\/v2\/product\/16521\/revisions"}],"wp:attachment":[{"href":"https:\/\/ecursos.showdepremiosbendicasa.com.br\/index.php?rest_route=%2Fwp%2Fv2%2Fmedia&parent=16521"}],"wp:term":[{"taxonomy":"product_cat","embeddable":true,"href":"https:\/\/ecursos.showdepremiosbendicasa.com.br\/index.php?rest_route=%2Fwp%2Fv2%2Fproduct_cat&post=16521"},{"taxonomy":"product_tag","embeddable":true,"href":"https:\/\/ecursos.showdepremiosbendicasa.com.br\/index.php?rest_route=%2Fwp%2Fv2%2Fproduct_tag&post=16521"}],"curies":[{"name":"wp","href":"https:\/\/api.w.org\/{rel}","templated":true}]}}