
	{"id":16522,"date":"2021-01-24T17:56:06","date_gmt":"2021-01-24T19:56:06","guid":{"rendered":"http:\/\/ecursos.treinaonline.com\/produto\/curso-de-atividade-fisica-no-envelhecimento-selecao-de-exercicios\/"},"modified":"2021-01-24T17:56:06","modified_gmt":"2021-01-24T19:56:06","slug":"curso-de-atividade-fisica-no-envelhecimento-selecao-de-exercicios","status":"publish","type":"product","link":"https:\/\/ecursos.showdepremiosbendicasa.com.br\/?product=curso-de-atividade-fisica-no-envelhecimento-selecao-de-exercicios","title":{"rendered":"Curso de Atividade F\u00edsica no Envelhecimento: Sele\u00e7\u00e3o de Exerc\u00edcios"},"content":{"rendered":"<p>Apresenta os seguintes t\u00f3picos: Desafie sua mente, Exerc\u00edcio trava-mente, Exerc\u00edcio 1, 2, 3 das m\u00e3os, Treinando o equil\u00edbrio est\u00e1tico, Treinando o equil\u00edbrio din\u00e2mico, Fortalecendo os joelhos e Fortalecendo o quadril.<\/p>\n<p>Sobre a carga hor\u00e1ria:<br \/>\nO curso possui 5 horas de carga hor\u00e1ria.<\/p>\n","protected":false},"excerpt":{"rendered":"<p>Apresenta os seguintes t\u00f3picos: Desafie sua mente, Exerc\u00edcio trava-mente, Exerc\u00edcio 1, 2, 3 das m\u00e3os, Treinando o equil\u00edbrio est\u00e1tico, Treinando o equil\u00edbrio din\u00e2mico, Fortalecendo os joelhos e Fortalecendo o quadril. Sobre a carga hor\u00e1ria: O curso possui 5 horas de carga hor\u00e1ria.<\/p>\n","protected":false},"featured_media":0,"comment_status":"open","ping_status":"closed","template":"","meta":[],"product_cat":[214],"product_tag":[],"class_list":{"0":"post-16522","1":"product","2":"type-product","3":"status-publish","5":"product_cat-educacao-fisica-e-esporte","6":"post","8":"first","9":"instock","10":"virtual","11":"sold-individually","12":"product-type-simple"},"_links":{"self":[{"href":"https:\/\/ecursos.showdepremiosbendicasa.com.br\/index.php?rest_route=\/wp\/v2\/product\/16522"}],"collection":[{"href":"https:\/\/ecursos.showdepremiosbendicasa.com.br\/index.php?rest_route=\/wp\/v2\/product"}],"about":[{"href":"https:\/\/ecursos.showdepremiosbendicasa.com.br\/index.php?rest_route=\/wp\/v2\/types\/product"}],"replies":[{"embeddable":true,"href":"https:\/\/ecursos.showdepremiosbendicasa.com.br\/index.php?rest_route=%2Fwp%2Fv2%2Fcomments&post=16522"}],"version-history":[{"count":0,"href":"https:\/\/ecursos.showdepremiosbendicasa.com.br\/index.php?rest_route=\/wp\/v2\/product\/16522\/revisions"}],"wp:attachment":[{"href":"https:\/\/ecursos.showdepremiosbendicasa.com.br\/index.php?rest_route=%2Fwp%2Fv2%2Fmedia&parent=16522"}],"wp:term":[{"taxonomy":"product_cat","embeddable":true,"href":"https:\/\/ecursos.showdepremiosbendicasa.com.br\/index.php?rest_route=%2Fwp%2Fv2%2Fproduct_cat&post=16522"},{"taxonomy":"product_tag","embeddable":true,"href":"https:\/\/ecursos.showdepremiosbendicasa.com.br\/index.php?rest_route=%2Fwp%2Fv2%2Fproduct_tag&post=16522"}],"curies":[{"name":"wp","href":"https:\/\/api.w.org\/{rel}","templated":true}]}}