
	{"id":16529,"date":"2021-01-24T17:56:13","date_gmt":"2021-01-24T19:56:13","guid":{"rendered":"http:\/\/ecursos.treinaonline.com\/produto\/curso-de-autocad\/"},"modified":"2021-01-24T17:56:13","modified_gmt":"2021-01-24T19:56:13","slug":"curso-de-autocad","status":"publish","type":"product","link":"https:\/\/ecursos.showdepremiosbendicasa.com.br\/?product=curso-de-autocad","title":{"rendered":"Curso de AutoCAD"},"content":{"rendered":"<p>Voc\u00ea aprende todas as fun\u00e7\u00f5es e recursos do AutoCAD 2013. Esse software \u00e9 usado principalmente para a elabora\u00e7\u00e3o de pe\u00e7as de desenho t\u00e9cnico em duas ou tr\u00eas dimens\u00f5es. \u00c9 amplamente utilizado em arquitetura, design de interiores, engenharia civil, mec\u00e2nica, geogr\u00e1fica, el\u00e9trica e em v\u00e1rios outros ramos da ind\u00fastria. Aqui voc\u00ea vai aprender as principais ferramentas e fun\u00e7\u00f5es do AutoCAD, desde o entendimento das coordenadas b\u00e1sicas como as layers, linhas, c\u00edrculos, elipses e os modos de sele\u00e7\u00e3o at\u00e9 a movimenta\u00e7\u00e3o desses elementos e de muitos outros como o trabalho com hachuras e blocos din\u00e2micos.<\/p>\n<p>Sobre a carga hor\u00e1ria:<br \/>\nO curso possui 80 horas de carga hor\u00e1ria. Por\u00e9m, se for conclu\u00eddo antes de 5 dias, passa a ter 10 horas de carga hor\u00e1ria. Conforme nosso contrato e termos de uso.<\/p>\n","protected":false},"excerpt":{"rendered":"<p>Voc\u00ea aprende todas as fun\u00e7\u00f5es e recursos do AutoCAD 2013. Esse software \u00e9 usado principalmente para a elabora\u00e7\u00e3o de pe\u00e7as de desenho t\u00e9cnico em duas ou tr\u00eas dimens\u00f5es. \u00c9 amplamente utilizado em arquitetura, design de interiores, engenharia civil, mec\u00e2nica, geogr\u00e1fica, el\u00e9trica e em v\u00e1rios outros ramos da ind\u00fastria. Aqui voc\u00ea vai aprender as principais ferramentas e fun\u00e7\u00f5es do AutoCAD, desde [&hellip;]<\/p>\n","protected":false},"featured_media":0,"comment_status":"open","ping_status":"closed","template":"","meta":[],"product_cat":[198],"product_tag":[],"class_list":{"0":"post-16529","1":"product","2":"type-product","3":"status-publish","5":"product_cat-3d-e-games","6":"post","8":"first","9":"instock","10":"virtual","11":"sold-individually","12":"product-type-simple"},"_links":{"self":[{"href":"https:\/\/ecursos.showdepremiosbendicasa.com.br\/index.php?rest_route=\/wp\/v2\/product\/16529"}],"collection":[{"href":"https:\/\/ecursos.showdepremiosbendicasa.com.br\/index.php?rest_route=\/wp\/v2\/product"}],"about":[{"href":"https:\/\/ecursos.showdepremiosbendicasa.com.br\/index.php?rest_route=\/wp\/v2\/types\/product"}],"replies":[{"embeddable":true,"href":"https:\/\/ecursos.showdepremiosbendicasa.com.br\/index.php?rest_route=%2Fwp%2Fv2%2Fcomments&post=16529"}],"version-history":[{"count":0,"href":"https:\/\/ecursos.showdepremiosbendicasa.com.br\/index.php?rest_route=\/wp\/v2\/product\/16529\/revisions"}],"wp:attachment":[{"href":"https:\/\/ecursos.showdepremiosbendicasa.com.br\/index.php?rest_route=%2Fwp%2Fv2%2Fmedia&parent=16529"}],"wp:term":[{"taxonomy":"product_cat","embeddable":true,"href":"https:\/\/ecursos.showdepremiosbendicasa.com.br\/index.php?rest_route=%2Fwp%2Fv2%2Fproduct_cat&post=16529"},{"taxonomy":"product_tag","embeddable":true,"href":"https:\/\/ecursos.showdepremiosbendicasa.com.br\/index.php?rest_route=%2Fwp%2Fv2%2Fproduct_tag&post=16529"}],"curies":[{"name":"wp","href":"https:\/\/api.w.org\/{rel}","templated":true}]}}