
	{"id":16531,"date":"2021-01-24T17:56:14","date_gmt":"2021-01-24T19:56:14","guid":{"rendered":"http:\/\/ecursos.treinaonline.com\/produto\/curso-de-autoimagem-e-autoestima\/"},"modified":"2021-01-24T17:56:14","modified_gmt":"2021-01-24T19:56:14","slug":"curso-de-autoimagem-e-autoestima","status":"publish","type":"product","link":"https:\/\/ecursos.showdepremiosbendicasa.com.br\/?product=curso-de-autoimagem-e-autoestima","title":{"rendered":"Curso de Autoimagem e Autoestima"},"content":{"rendered":"<p>Explica Autoimagem e autoestima, Raio x da autoimagem, Os 4 pilares da imagem, O equil\u00edbrio dos 4 pilares e Quais s\u00e3o os benef\u00edcios?.<\/p>\n<p>Sobre a carga hor\u00e1ria:<br \/>\nO curso possui 10 horas de carga hor\u00e1ria.<\/p>\n","protected":false},"excerpt":{"rendered":"<p>Explica Autoimagem e autoestima, Raio x da autoimagem, Os 4 pilares da imagem, O equil\u00edbrio dos 4 pilares e Quais s\u00e3o os benef\u00edcios?. Sobre a carga hor\u00e1ria: O curso possui 10 horas de carga hor\u00e1ria.<\/p>\n","protected":false},"featured_media":0,"comment_status":"open","ping_status":"closed","template":"","meta":[],"product_cat":[235],"product_tag":[],"class_list":{"0":"post-16531","1":"product","2":"type-product","3":"status-publish","5":"product_cat-publicidade-e-marketing","6":"post","8":"first","9":"instock","10":"virtual","11":"sold-individually","12":"product-type-simple"},"_links":{"self":[{"href":"https:\/\/ecursos.showdepremiosbendicasa.com.br\/index.php?rest_route=\/wp\/v2\/product\/16531"}],"collection":[{"href":"https:\/\/ecursos.showdepremiosbendicasa.com.br\/index.php?rest_route=\/wp\/v2\/product"}],"about":[{"href":"https:\/\/ecursos.showdepremiosbendicasa.com.br\/index.php?rest_route=\/wp\/v2\/types\/product"}],"replies":[{"embeddable":true,"href":"https:\/\/ecursos.showdepremiosbendicasa.com.br\/index.php?rest_route=%2Fwp%2Fv2%2Fcomments&post=16531"}],"version-history":[{"count":0,"href":"https:\/\/ecursos.showdepremiosbendicasa.com.br\/index.php?rest_route=\/wp\/v2\/product\/16531\/revisions"}],"wp:attachment":[{"href":"https:\/\/ecursos.showdepremiosbendicasa.com.br\/index.php?rest_route=%2Fwp%2Fv2%2Fmedia&parent=16531"}],"wp:term":[{"taxonomy":"product_cat","embeddable":true,"href":"https:\/\/ecursos.showdepremiosbendicasa.com.br\/index.php?rest_route=%2Fwp%2Fv2%2Fproduct_cat&post=16531"},{"taxonomy":"product_tag","embeddable":true,"href":"https:\/\/ecursos.showdepremiosbendicasa.com.br\/index.php?rest_route=%2Fwp%2Fv2%2Fproduct_tag&post=16531"}],"curies":[{"name":"wp","href":"https:\/\/api.w.org\/{rel}","templated":true}]}}