
	{"id":16539,"date":"2021-01-24T17:56:21","date_gmt":"2021-01-24T19:56:21","guid":{"rendered":"http:\/\/ecursos.treinaonline.com\/produto\/curso-de-avaliacao-de-desempenho-90-180-e-360-graus\/"},"modified":"2021-01-24T17:56:21","modified_gmt":"2021-01-24T19:56:21","slug":"curso-de-avaliacao-de-desempenho-90-180-e-360-graus","status":"publish","type":"product","link":"https:\/\/ecursos.showdepremiosbendicasa.com.br\/?product=curso-de-avaliacao-de-desempenho-90-180-e-360-graus","title":{"rendered":"Curso de Avalia\u00e7\u00e3o de Desempenho: 90, 180 e 360 Graus"},"content":{"rendered":"<p>Apresenta como implantar o sistema de avalia\u00e7\u00e3o de desempenho, entender tudo sobre os tipos de avalia\u00e7\u00e3o: 90, 180 e 360 graus, os erros fatais que n\u00e3o podem ser cometidos no processo de avalia\u00e7\u00e3o, como dar feedback, como elaborar o PDI e muito mais.<\/p>\n<p>Sobre a carga hor\u00e1ria:<br \/>\nO curso possui 80 horas de carga hor\u00e1ria. Por\u00e9m, se for conclu\u00eddo antes de 5 dias, passa a ter 10 horas de carga hor\u00e1ria. Conforme nosso contrato e termos de uso.<\/p>\n","protected":false},"excerpt":{"rendered":"<p>Apresenta como implantar o sistema de avalia\u00e7\u00e3o de desempenho, entender tudo sobre os tipos de avalia\u00e7\u00e3o: 90, 180 e 360 graus, os erros fatais que n\u00e3o podem ser cometidos no processo de avalia\u00e7\u00e3o, como dar feedback, como elaborar o PDI e muito mais. Sobre a carga hor\u00e1ria: O curso possui 80 horas de carga hor\u00e1ria. Por\u00e9m, se for conclu\u00eddo antes [&hellip;]<\/p>\n","protected":false},"featured_media":0,"comment_status":"open","ping_status":"closed","template":"","meta":[],"product_cat":[236],"product_tag":[],"class_list":{"0":"post-16539","1":"product","2":"type-product","3":"status-publish","5":"product_cat-recursos-humanos","6":"post","8":"first","9":"instock","10":"virtual","11":"sold-individually","12":"product-type-simple"},"_links":{"self":[{"href":"https:\/\/ecursos.showdepremiosbendicasa.com.br\/index.php?rest_route=\/wp\/v2\/product\/16539"}],"collection":[{"href":"https:\/\/ecursos.showdepremiosbendicasa.com.br\/index.php?rest_route=\/wp\/v2\/product"}],"about":[{"href":"https:\/\/ecursos.showdepremiosbendicasa.com.br\/index.php?rest_route=\/wp\/v2\/types\/product"}],"replies":[{"embeddable":true,"href":"https:\/\/ecursos.showdepremiosbendicasa.com.br\/index.php?rest_route=%2Fwp%2Fv2%2Fcomments&post=16539"}],"version-history":[{"count":0,"href":"https:\/\/ecursos.showdepremiosbendicasa.com.br\/index.php?rest_route=\/wp\/v2\/product\/16539\/revisions"}],"wp:attachment":[{"href":"https:\/\/ecursos.showdepremiosbendicasa.com.br\/index.php?rest_route=%2Fwp%2Fv2%2Fmedia&parent=16539"}],"wp:term":[{"taxonomy":"product_cat","embeddable":true,"href":"https:\/\/ecursos.showdepremiosbendicasa.com.br\/index.php?rest_route=%2Fwp%2Fv2%2Fproduct_cat&post=16539"},{"taxonomy":"product_tag","embeddable":true,"href":"https:\/\/ecursos.showdepremiosbendicasa.com.br\/index.php?rest_route=%2Fwp%2Fv2%2Fproduct_tag&post=16539"}],"curies":[{"name":"wp","href":"https:\/\/api.w.org\/{rel}","templated":true}]}}