
	{"id":16565,"date":"2021-01-24T17:56:56","date_gmt":"2021-01-24T19:56:56","guid":{"rendered":"http:\/\/ecursos.treinaonline.com\/produto\/curso-de-biologia-para-enem-gimnospermas-e-angiospermas\/"},"modified":"2021-01-24T17:56:56","modified_gmt":"2021-01-24T19:56:56","slug":"curso-de-biologia-para-enem-gimnospermas-e-angiospermas","status":"publish","type":"product","link":"https:\/\/ecursos.showdepremiosbendicasa.com.br\/?product=curso-de-biologia-para-enem-gimnospermas-e-angiospermas","title":{"rendered":"Curso de Biologia para ENEM: Gimnospermas e Angiospermas"},"content":{"rendered":"<p>Explica Gimnospermas e Angiospermas Parte 1, Gimnospermas e Angiospermas Parte 2, Gimnospermas e Angiospermas Parte 3 e Formul\u00e1rio.<\/p>\n<p>Sobre a carga hor\u00e1ria:<br \/>\nO curso possui 10 horas de carga hor\u00e1ria.<\/p>\n","protected":false},"excerpt":{"rendered":"<p>Explica Gimnospermas e Angiospermas Parte 1, Gimnospermas e Angiospermas Parte 2, Gimnospermas e Angiospermas Parte 3 e Formul\u00e1rio. Sobre a carga hor\u00e1ria: O curso possui 10 horas de carga hor\u00e1ria.<\/p>\n","protected":false},"featured_media":0,"comment_status":"open","ping_status":"closed","template":"","meta":[],"product_cat":[210],"product_tag":[],"class_list":{"0":"post-16565","1":"product","2":"type-product","3":"status-publish","5":"product_cat-cursinho-pre-vestibular","6":"post","8":"first","9":"instock","10":"virtual","11":"sold-individually","12":"product-type-simple"},"_links":{"self":[{"href":"https:\/\/ecursos.showdepremiosbendicasa.com.br\/index.php?rest_route=\/wp\/v2\/product\/16565"}],"collection":[{"href":"https:\/\/ecursos.showdepremiosbendicasa.com.br\/index.php?rest_route=\/wp\/v2\/product"}],"about":[{"href":"https:\/\/ecursos.showdepremiosbendicasa.com.br\/index.php?rest_route=\/wp\/v2\/types\/product"}],"replies":[{"embeddable":true,"href":"https:\/\/ecursos.showdepremiosbendicasa.com.br\/index.php?rest_route=%2Fwp%2Fv2%2Fcomments&post=16565"}],"version-history":[{"count":0,"href":"https:\/\/ecursos.showdepremiosbendicasa.com.br\/index.php?rest_route=\/wp\/v2\/product\/16565\/revisions"}],"wp:attachment":[{"href":"https:\/\/ecursos.showdepremiosbendicasa.com.br\/index.php?rest_route=%2Fwp%2Fv2%2Fmedia&parent=16565"}],"wp:term":[{"taxonomy":"product_cat","embeddable":true,"href":"https:\/\/ecursos.showdepremiosbendicasa.com.br\/index.php?rest_route=%2Fwp%2Fv2%2Fproduct_cat&post=16565"},{"taxonomy":"product_tag","embeddable":true,"href":"https:\/\/ecursos.showdepremiosbendicasa.com.br\/index.php?rest_route=%2Fwp%2Fv2%2Fproduct_tag&post=16565"}],"curies":[{"name":"wp","href":"https:\/\/api.w.org\/{rel}","templated":true}]}}