
	{"id":16575,"date":"2021-01-24T17:57:07","date_gmt":"2021-01-24T19:57:07","guid":{"rendered":"http:\/\/ecursos.treinaonline.com\/produto\/curso-de-bolos-decorados\/"},"modified":"2024-09-08T10:47:51","modified_gmt":"2024-09-08T13:47:51","slug":"curso-de-bolos-decorados","status":"publish","type":"product","link":"https:\/\/ecursos.showdepremiosbendicasa.com.br\/?product=curso-de-bolos-decorados","title":{"rendered":"Curso de Bolos Decorados"},"content":{"rendered":"<p>Ensina a confeitaria, como a elabora\u00e7\u00e3o de arabescos com chocolate, as t\u00e9cnicas de tingimento de confeitos, a prepara\u00e7\u00e3o de Ganache de chocolate e todas as t\u00e9cnicas para o uso do saco de confeitagem. Al\u00e9m de tudo isso voc\u00ea tamb\u00e9m poder\u00e1 acompanhar a montagem completa de um bolo do estilo ombr\u00e9 e do famoso bolo guirlanda.<\/p>\n<p>Sobre a carga hor\u00e1ria:<br \/>\nO curso possui 80 horas de carga hor\u00e1ria. Por\u00e9m, se for conclu\u00eddo antes de 5 dias, passa a ter 10 horas de carga hor\u00e1ria. Conforme nosso contrato e termos de uso.<\/p>\n","protected":false},"excerpt":{"rendered":"<p>Ensina a confeitaria, como a elabora\u00e7\u00e3o de arabescos com chocolate, as t\u00e9cnicas de tingimento de confeitos, a prepara\u00e7\u00e3o de Ganache de chocolate e todas as t\u00e9cnicas para o uso do saco de confeitagem. Al\u00e9m de tudo isso voc\u00ea tamb\u00e9m poder\u00e1 acompanhar a montagem completa de um bolo do estilo ombr\u00e9 e do famoso bolo guirlanda. Sobre a carga hor\u00e1ria: O [&hellip;]<\/p>\n","protected":false},"featured_media":0,"comment_status":"open","ping_status":"closed","template":"","meta":[],"product_cat":[212],"product_tag":[],"class_list":{"0":"post-16575","1":"product","2":"type-product","3":"status-publish","5":"product_cat-doces-e-confeitaria","6":"post","8":"first","9":"instock","10":"virtual","11":"sold-individually","12":"product-type-simple"},"_links":{"self":[{"href":"https:\/\/ecursos.showdepremiosbendicasa.com.br\/index.php?rest_route=\/wp\/v2\/product\/16575"}],"collection":[{"href":"https:\/\/ecursos.showdepremiosbendicasa.com.br\/index.php?rest_route=\/wp\/v2\/product"}],"about":[{"href":"https:\/\/ecursos.showdepremiosbendicasa.com.br\/index.php?rest_route=\/wp\/v2\/types\/product"}],"replies":[{"embeddable":true,"href":"https:\/\/ecursos.showdepremiosbendicasa.com.br\/index.php?rest_route=%2Fwp%2Fv2%2Fcomments&post=16575"}],"version-history":[{"count":0,"href":"https:\/\/ecursos.showdepremiosbendicasa.com.br\/index.php?rest_route=\/wp\/v2\/product\/16575\/revisions"}],"wp:attachment":[{"href":"https:\/\/ecursos.showdepremiosbendicasa.com.br\/index.php?rest_route=%2Fwp%2Fv2%2Fmedia&parent=16575"}],"wp:term":[{"taxonomy":"product_cat","embeddable":true,"href":"https:\/\/ecursos.showdepremiosbendicasa.com.br\/index.php?rest_route=%2Fwp%2Fv2%2Fproduct_cat&post=16575"},{"taxonomy":"product_tag","embeddable":true,"href":"https:\/\/ecursos.showdepremiosbendicasa.com.br\/index.php?rest_route=%2Fwp%2Fv2%2Fproduct_tag&post=16575"}],"curies":[{"name":"wp","href":"https:\/\/api.w.org\/{rel}","templated":true}]}}