
	{"id":16577,"date":"2021-01-24T17:57:10","date_gmt":"2021-01-24T19:57:10","guid":{"rendered":"http:\/\/ecursos.treinaonline.com\/produto\/curso-de-bolos-decorados-infantis\/"},"modified":"2021-01-24T17:57:10","modified_gmt":"2021-01-24T19:57:10","slug":"curso-de-bolos-decorados-infantis","status":"publish","type":"product","link":"https:\/\/ecursos.showdepremiosbendicasa.com.br\/?product=curso-de-bolos-decorados-infantis","title":{"rendered":"Curso de Bolos Decorados Infantis"},"content":{"rendered":"<p>Voc\u00ea aprende fazer decora\u00e7oes de bolos infantis de maneira r\u00e1pida e pr\u00e1tica. Ensinaremos a fazer o bolo de sapatinho, um bolo de maquiagem, um bolo de ursinho. Al\u00e9m disso, daremos dicas de como fazer a base para os mais variados tipos de decora\u00e7\u00f5es e muito mais.<\/p>\n<p>Sobre a carga hor\u00e1ria:<br \/>\nO curso possui 80 horas de carga hor\u00e1ria. Por\u00e9m, se for conclu\u00eddo antes de 5 dias, passa a ter 10 horas de carga hor\u00e1ria. Conforme nosso contrato e termos de uso.<\/p>\n","protected":false},"excerpt":{"rendered":"<p>Voc\u00ea aprende fazer decora\u00e7oes de bolos infantis de maneira r\u00e1pida e pr\u00e1tica. Ensinaremos a fazer o bolo de sapatinho, um bolo de maquiagem, um bolo de ursinho. Al\u00e9m disso, daremos dicas de como fazer a base para os mais variados tipos de decora\u00e7\u00f5es e muito mais. Sobre a carga hor\u00e1ria: O curso possui 80 horas de carga hor\u00e1ria. Por\u00e9m, se [&hellip;]<\/p>\n","protected":false},"featured_media":0,"comment_status":"open","ping_status":"closed","template":"","meta":[],"product_cat":[212],"product_tag":[],"class_list":{"0":"post-16577","1":"product","2":"type-product","3":"status-publish","5":"product_cat-doces-e-confeitaria","6":"post","8":"first","9":"instock","10":"virtual","11":"sold-individually","12":"product-type-simple"},"_links":{"self":[{"href":"https:\/\/ecursos.showdepremiosbendicasa.com.br\/index.php?rest_route=\/wp\/v2\/product\/16577"}],"collection":[{"href":"https:\/\/ecursos.showdepremiosbendicasa.com.br\/index.php?rest_route=\/wp\/v2\/product"}],"about":[{"href":"https:\/\/ecursos.showdepremiosbendicasa.com.br\/index.php?rest_route=\/wp\/v2\/types\/product"}],"replies":[{"embeddable":true,"href":"https:\/\/ecursos.showdepremiosbendicasa.com.br\/index.php?rest_route=%2Fwp%2Fv2%2Fcomments&post=16577"}],"version-history":[{"count":0,"href":"https:\/\/ecursos.showdepremiosbendicasa.com.br\/index.php?rest_route=\/wp\/v2\/product\/16577\/revisions"}],"wp:attachment":[{"href":"https:\/\/ecursos.showdepremiosbendicasa.com.br\/index.php?rest_route=%2Fwp%2Fv2%2Fmedia&parent=16577"}],"wp:term":[{"taxonomy":"product_cat","embeddable":true,"href":"https:\/\/ecursos.showdepremiosbendicasa.com.br\/index.php?rest_route=%2Fwp%2Fv2%2Fproduct_cat&post=16577"},{"taxonomy":"product_tag","embeddable":true,"href":"https:\/\/ecursos.showdepremiosbendicasa.com.br\/index.php?rest_route=%2Fwp%2Fv2%2Fproduct_tag&post=16577"}],"curies":[{"name":"wp","href":"https:\/\/api.w.org\/{rel}","templated":true}]}}