
	{"id":16596,"date":"2021-01-24T17:57:38","date_gmt":"2021-01-24T19:57:38","guid":{"rendered":"http:\/\/ecursos.treinaonline.com\/produto\/curso-de-ciencias-infantil-modulo-ii\/"},"modified":"2021-01-24T17:57:38","modified_gmt":"2021-01-24T19:57:38","slug":"curso-de-ciencias-infantil-modulo-ii","status":"publish","type":"product","link":"https:\/\/ecursos.showdepremiosbendicasa.com.br\/?product=curso-de-ciencias-infantil-modulo-ii","title":{"rendered":"Curso de Ci\u00eancias Infantil &#8211; M\u00f3dulo II"},"content":{"rendered":"<p>Voc\u00ea aprende conte\u00fados relacionados ao Universo, O movimento da Terra, cadeia alimentar, solo, ar, \u00e1gua. Ter\u00e1 atividades animadas no meio do curso, para eles entenderem de uma maneira mais divertida.<\/p>\n<p>Sobre a carga hor\u00e1ria:<br \/>\nO curso possui 40 horas de carga hor\u00e1ria. Por\u00e9m, se for conclu\u00eddo antes de 5 dias, passa a ter 10 horas de carga hor\u00e1ria. Conforme nosso contrato e termos de uso.<\/p>\n","protected":false},"excerpt":{"rendered":"<p>Voc\u00ea aprende conte\u00fados relacionados ao Universo, O movimento da Terra, cadeia alimentar, solo, ar, \u00e1gua. Ter\u00e1 atividades animadas no meio do curso, para eles entenderem de uma maneira mais divertida. Sobre a carga hor\u00e1ria: O curso possui 40 horas de carga hor\u00e1ria. Por\u00e9m, se for conclu\u00eddo antes de 5 dias, passa a ter 10 horas de carga hor\u00e1ria. Conforme nosso [&hellip;]<\/p>\n","protected":false},"featured_media":0,"comment_status":"open","ping_status":"closed","template":"","meta":[],"product_cat":[157],"product_tag":[],"class_list":{"0":"post-16596","1":"product","2":"type-product","3":"status-publish","5":"product_cat-sem-categoria","6":"post","8":"first","9":"instock","10":"virtual","11":"sold-individually","12":"product-type-simple"},"_links":{"self":[{"href":"https:\/\/ecursos.showdepremiosbendicasa.com.br\/index.php?rest_route=\/wp\/v2\/product\/16596"}],"collection":[{"href":"https:\/\/ecursos.showdepremiosbendicasa.com.br\/index.php?rest_route=\/wp\/v2\/product"}],"about":[{"href":"https:\/\/ecursos.showdepremiosbendicasa.com.br\/index.php?rest_route=\/wp\/v2\/types\/product"}],"replies":[{"embeddable":true,"href":"https:\/\/ecursos.showdepremiosbendicasa.com.br\/index.php?rest_route=%2Fwp%2Fv2%2Fcomments&post=16596"}],"version-history":[{"count":0,"href":"https:\/\/ecursos.showdepremiosbendicasa.com.br\/index.php?rest_route=\/wp\/v2\/product\/16596\/revisions"}],"wp:attachment":[{"href":"https:\/\/ecursos.showdepremiosbendicasa.com.br\/index.php?rest_route=%2Fwp%2Fv2%2Fmedia&parent=16596"}],"wp:term":[{"taxonomy":"product_cat","embeddable":true,"href":"https:\/\/ecursos.showdepremiosbendicasa.com.br\/index.php?rest_route=%2Fwp%2Fv2%2Fproduct_cat&post=16596"},{"taxonomy":"product_tag","embeddable":true,"href":"https:\/\/ecursos.showdepremiosbendicasa.com.br\/index.php?rest_route=%2Fwp%2Fv2%2Fproduct_tag&post=16596"}],"curies":[{"name":"wp","href":"https:\/\/api.w.org\/{rel}","templated":true}]}}