
	{"id":16670,"date":"2021-01-24T17:59:06","date_gmt":"2021-01-24T19:59:06","guid":{"rendered":"http:\/\/ecursos.treinaonline.com\/produto\/curso-de-complicacoes-pos-operatorias\/"},"modified":"2021-01-24T17:59:06","modified_gmt":"2021-01-24T19:59:06","slug":"curso-de-complicacoes-pos-operatorias","status":"publish","type":"product","link":"https:\/\/ecursos.showdepremiosbendicasa.com.br\/?product=curso-de-complicacoes-pos-operatorias","title":{"rendered":"Curso de Complica\u00e7\u00f5es P\u00f3s- Operat\u00f3rias"},"content":{"rendered":"<p>Aborda Complica\u00e7\u00f5es P\u00f3s- Operat\u00f3rias: Sistema Respirat\u00f3rio e Sistema Cardiovascular, Complica\u00e7\u00f5es P\u00f3s-Operat\u00f3rio: Sistema Termorregulador, Tegumentar e Sensorial e Complica\u00e7\u00f5es P\u00f3s-Operat\u00f3rio: Sistema Digest\u00f3rio e Imunol\u00f3gico.<\/p>\n<p>Sobre a carga hor\u00e1ria:<br \/>\nO curso possui 2 horas de carga hor\u00e1ria.<\/p>\n","protected":false},"excerpt":{"rendered":"<p>Aborda Complica\u00e7\u00f5es P\u00f3s- Operat\u00f3rias: Sistema Respirat\u00f3rio e Sistema Cardiovascular, Complica\u00e7\u00f5es P\u00f3s-Operat\u00f3rio: Sistema Termorregulador, Tegumentar e Sensorial e Complica\u00e7\u00f5es P\u00f3s-Operat\u00f3rio: Sistema Digest\u00f3rio e Imunol\u00f3gico. Sobre a carga hor\u00e1ria: O curso possui 2 horas de carga hor\u00e1ria.<\/p>\n","protected":false},"featured_media":0,"comment_status":"open","ping_status":"closed","template":"","meta":[],"product_cat":[215],"product_tag":[],"class_list":{"0":"post-16670","1":"product","2":"type-product","3":"status-publish","5":"product_cat-enfermagem","6":"post","8":"first","9":"instock","10":"virtual","11":"sold-individually","12":"product-type-simple"},"_links":{"self":[{"href":"https:\/\/ecursos.showdepremiosbendicasa.com.br\/index.php?rest_route=\/wp\/v2\/product\/16670"}],"collection":[{"href":"https:\/\/ecursos.showdepremiosbendicasa.com.br\/index.php?rest_route=\/wp\/v2\/product"}],"about":[{"href":"https:\/\/ecursos.showdepremiosbendicasa.com.br\/index.php?rest_route=\/wp\/v2\/types\/product"}],"replies":[{"embeddable":true,"href":"https:\/\/ecursos.showdepremiosbendicasa.com.br\/index.php?rest_route=%2Fwp%2Fv2%2Fcomments&post=16670"}],"version-history":[{"count":0,"href":"https:\/\/ecursos.showdepremiosbendicasa.com.br\/index.php?rest_route=\/wp\/v2\/product\/16670\/revisions"}],"wp:attachment":[{"href":"https:\/\/ecursos.showdepremiosbendicasa.com.br\/index.php?rest_route=%2Fwp%2Fv2%2Fmedia&parent=16670"}],"wp:term":[{"taxonomy":"product_cat","embeddable":true,"href":"https:\/\/ecursos.showdepremiosbendicasa.com.br\/index.php?rest_route=%2Fwp%2Fv2%2Fproduct_cat&post=16670"},{"taxonomy":"product_tag","embeddable":true,"href":"https:\/\/ecursos.showdepremiosbendicasa.com.br\/index.php?rest_route=%2Fwp%2Fv2%2Fproduct_tag&post=16670"}],"curies":[{"name":"wp","href":"https:\/\/api.w.org\/{rel}","templated":true}]}}