
	{"id":16693,"date":"2021-01-24T17:59:30","date_gmt":"2021-01-24T19:59:30","guid":{"rendered":"http:\/\/ecursos.treinaonline.com\/produto\/curso-de-controle-de-infeccoes-nos-servicos-de-saude\/"},"modified":"2021-01-24T17:59:30","modified_gmt":"2021-01-24T19:59:30","slug":"curso-de-controle-de-infeccoes-nos-servicos-de-saude","status":"publish","type":"product","link":"https:\/\/ecursos.showdepremiosbendicasa.com.br\/?product=curso-de-controle-de-infeccoes-nos-servicos-de-saude","title":{"rendered":"Curso de Controle de Infec\u00e7\u00f5es nos Servi\u00e7os de Sa\u00fade"},"content":{"rendered":"<p>Apresenta o que s\u00e3o as infec\u00e7\u00f5es relacionadas \u00e0 assist\u00eancia sa\u00fade, como podemos adquiri-las, quais s\u00e3o os EPI&#8217;s que devemos utilizar, a higieniza\u00e7\u00e3o das m\u00e3os e muito mais.<\/p>\n<p>Sobre a carga hor\u00e1ria:<br \/>\nO curso possui 80 horas de carga hor\u00e1ria. Por\u00e9m, se for conclu\u00eddo antes de 5 dias, passa a ter 10 horas de carga hor\u00e1ria. Conforme nosso contrato e termos de uso.<\/p>\n","protected":false},"excerpt":{"rendered":"<p>Apresenta o que s\u00e3o as infec\u00e7\u00f5es relacionadas \u00e0 assist\u00eancia sa\u00fade, como podemos adquiri-las, quais s\u00e3o os EPI&#8217;s que devemos utilizar, a higieniza\u00e7\u00e3o das m\u00e3os e muito mais. Sobre a carga hor\u00e1ria: O curso possui 80 horas de carga hor\u00e1ria. Por\u00e9m, se for conclu\u00eddo antes de 5 dias, passa a ter 10 horas de carga hor\u00e1ria. Conforme nosso contrato e termos [&hellip;]<\/p>\n","protected":false},"featured_media":0,"comment_status":"open","ping_status":"closed","template":"","meta":[],"product_cat":[215],"product_tag":[],"class_list":{"0":"post-16693","1":"product","2":"type-product","3":"status-publish","5":"product_cat-enfermagem","6":"post","8":"first","9":"instock","10":"virtual","11":"sold-individually","12":"product-type-simple"},"_links":{"self":[{"href":"https:\/\/ecursos.showdepremiosbendicasa.com.br\/index.php?rest_route=\/wp\/v2\/product\/16693"}],"collection":[{"href":"https:\/\/ecursos.showdepremiosbendicasa.com.br\/index.php?rest_route=\/wp\/v2\/product"}],"about":[{"href":"https:\/\/ecursos.showdepremiosbendicasa.com.br\/index.php?rest_route=\/wp\/v2\/types\/product"}],"replies":[{"embeddable":true,"href":"https:\/\/ecursos.showdepremiosbendicasa.com.br\/index.php?rest_route=%2Fwp%2Fv2%2Fcomments&post=16693"}],"version-history":[{"count":0,"href":"https:\/\/ecursos.showdepremiosbendicasa.com.br\/index.php?rest_route=\/wp\/v2\/product\/16693\/revisions"}],"wp:attachment":[{"href":"https:\/\/ecursos.showdepremiosbendicasa.com.br\/index.php?rest_route=%2Fwp%2Fv2%2Fmedia&parent=16693"}],"wp:term":[{"taxonomy":"product_cat","embeddable":true,"href":"https:\/\/ecursos.showdepremiosbendicasa.com.br\/index.php?rest_route=%2Fwp%2Fv2%2Fproduct_cat&post=16693"},{"taxonomy":"product_tag","embeddable":true,"href":"https:\/\/ecursos.showdepremiosbendicasa.com.br\/index.php?rest_route=%2Fwp%2Fv2%2Fproduct_tag&post=16693"}],"curies":[{"name":"wp","href":"https:\/\/api.w.org\/{rel}","templated":true}]}}