
	{"id":16780,"date":"2021-01-24T18:01:33","date_gmt":"2021-01-24T20:01:33","guid":{"rendered":"http:\/\/ecursos.treinaonline.com\/produto\/curso-de-design-thinking\/"},"modified":"2021-01-24T18:01:33","modified_gmt":"2021-01-24T20:01:33","slug":"curso-de-design-thinking","status":"publish","type":"product","link":"https:\/\/ecursos.showdepremiosbendicasa.com.br\/?product=curso-de-design-thinking","title":{"rendered":"Curso de Design Thinking"},"content":{"rendered":"<p>? O pilar da inova\u00e7\u00e3o, ele \u00e9 o conjunto de ideias e insights, ou seja, um m\u00e9todo colaborativo para encontrar solu\u00e7\u00f5es inovadoras e pr\u00e1ticas para problemas. Nesse curso, s\u00e3o apresentadas ferramentas e t\u00e9cnicas para que a empresa pense &#8211; e aja- em prol do colaborador e do cliente. Atrav\u00e9s da empatia, colabora\u00e7\u00e3o e prototipa\u00e7\u00e3o, o curso de DT ensina a moldar experi\u00eancias inesquec\u00edveis e um ambiente seguro e criativo.<\/p>\n<p>Sobre a carga hor\u00e1ria:<br \/>\nO curso possui 80 horas de carga hor\u00e1ria. Por\u00e9m, se for conclu\u00eddo antes de 5 dias, passa a ter 10 horas de carga hor\u00e1ria. Conforme nosso contrato e termos de uso.<\/p>\n","protected":false},"excerpt":{"rendered":"<p>? O pilar da inova\u00e7\u00e3o, ele \u00e9 o conjunto de ideias e insights, ou seja, um m\u00e9todo colaborativo para encontrar solu\u00e7\u00f5es inovadoras e pr\u00e1ticas para problemas. Nesse curso, s\u00e3o apresentadas ferramentas e t\u00e9cnicas para que a empresa pense &#8211; e aja- em prol do colaborador e do cliente. Atrav\u00e9s da empatia, colabora\u00e7\u00e3o e prototipa\u00e7\u00e3o, o curso de DT ensina a [&hellip;]<\/p>\n","protected":false},"featured_media":0,"comment_status":"open","ping_status":"closed","template":"","meta":[],"product_cat":[223],"product_tag":[],"class_list":{"0":"post-16780","1":"product","2":"type-product","3":"status-publish","5":"product_cat-gestao-e-lideranca","6":"post","8":"first","9":"instock","10":"virtual","11":"sold-individually","12":"product-type-simple"},"_links":{"self":[{"href":"https:\/\/ecursos.showdepremiosbendicasa.com.br\/index.php?rest_route=\/wp\/v2\/product\/16780"}],"collection":[{"href":"https:\/\/ecursos.showdepremiosbendicasa.com.br\/index.php?rest_route=\/wp\/v2\/product"}],"about":[{"href":"https:\/\/ecursos.showdepremiosbendicasa.com.br\/index.php?rest_route=\/wp\/v2\/types\/product"}],"replies":[{"embeddable":true,"href":"https:\/\/ecursos.showdepremiosbendicasa.com.br\/index.php?rest_route=%2Fwp%2Fv2%2Fcomments&post=16780"}],"version-history":[{"count":0,"href":"https:\/\/ecursos.showdepremiosbendicasa.com.br\/index.php?rest_route=\/wp\/v2\/product\/16780\/revisions"}],"wp:attachment":[{"href":"https:\/\/ecursos.showdepremiosbendicasa.com.br\/index.php?rest_route=%2Fwp%2Fv2%2Fmedia&parent=16780"}],"wp:term":[{"taxonomy":"product_cat","embeddable":true,"href":"https:\/\/ecursos.showdepremiosbendicasa.com.br\/index.php?rest_route=%2Fwp%2Fv2%2Fproduct_cat&post=16780"},{"taxonomy":"product_tag","embeddable":true,"href":"https:\/\/ecursos.showdepremiosbendicasa.com.br\/index.php?rest_route=%2Fwp%2Fv2%2Fproduct_tag&post=16780"}],"curies":[{"name":"wp","href":"https:\/\/api.w.org\/{rel}","templated":true}]}}