
	{"id":16790,"date":"2021-01-24T18:01:44","date_gmt":"2021-01-24T20:01:44","guid":{"rendered":"http:\/\/ecursos.treinaonline.com\/produto\/curso-de-direito-civil-obrigacoes\/"},"modified":"2021-01-24T18:01:44","modified_gmt":"2021-01-24T20:01:44","slug":"curso-de-direito-civil-obrigacoes","status":"publish","type":"product","link":"https:\/\/ecursos.showdepremiosbendicasa.com.br\/?product=curso-de-direito-civil-obrigacoes","title":{"rendered":"Curso de Direito Civil: Obriga\u00e7\u00f5es"},"content":{"rendered":"<p>Apresenta O que s\u00e3o obriga\u00e7\u00f5es?, Obriga\u00e7\u00e3o de dar, Obriga\u00e7\u00e3o de dar coisa certa, Obriga\u00e7\u00e3o de dar coisa incerta , Obriga\u00e7\u00e3o de fazer, Obriga\u00e7\u00e3o de n\u00e3o fazer, Obriga\u00e7\u00f5es alternativas, Obriga\u00e7\u00f5es divis\u00edveis e indivis\u00edveis, Obriga\u00e7\u00f5es solid\u00e1rias e Obriga\u00e7\u00f5es solid\u00e1rias ativa e passiva.<\/p>\n<p>Sobre a carga hor\u00e1ria:<br \/>\nO curso possui 10 horas de carga hor\u00e1ria.<\/p>\n","protected":false},"excerpt":{"rendered":"<p>Apresenta O que s\u00e3o obriga\u00e7\u00f5es?, Obriga\u00e7\u00e3o de dar, Obriga\u00e7\u00e3o de dar coisa certa, Obriga\u00e7\u00e3o de dar coisa incerta , Obriga\u00e7\u00e3o de fazer, Obriga\u00e7\u00e3o de n\u00e3o fazer, Obriga\u00e7\u00f5es alternativas, Obriga\u00e7\u00f5es divis\u00edveis e indivis\u00edveis, Obriga\u00e7\u00f5es solid\u00e1rias e Obriga\u00e7\u00f5es solid\u00e1rias ativa e passiva. Sobre a carga hor\u00e1ria: O curso possui 10 horas de carga hor\u00e1ria.<\/p>\n","protected":false},"featured_media":0,"comment_status":"open","ping_status":"closed","template":"","meta":[],"product_cat":[211],"product_tag":[],"class_list":{"0":"post-16790","1":"product","2":"type-product","3":"status-publish","5":"product_cat-direito","6":"post","8":"first","9":"instock","10":"virtual","11":"sold-individually","12":"product-type-simple"},"_links":{"self":[{"href":"https:\/\/ecursos.showdepremiosbendicasa.com.br\/index.php?rest_route=\/wp\/v2\/product\/16790"}],"collection":[{"href":"https:\/\/ecursos.showdepremiosbendicasa.com.br\/index.php?rest_route=\/wp\/v2\/product"}],"about":[{"href":"https:\/\/ecursos.showdepremiosbendicasa.com.br\/index.php?rest_route=\/wp\/v2\/types\/product"}],"replies":[{"embeddable":true,"href":"https:\/\/ecursos.showdepremiosbendicasa.com.br\/index.php?rest_route=%2Fwp%2Fv2%2Fcomments&post=16790"}],"version-history":[{"count":0,"href":"https:\/\/ecursos.showdepremiosbendicasa.com.br\/index.php?rest_route=\/wp\/v2\/product\/16790\/revisions"}],"wp:attachment":[{"href":"https:\/\/ecursos.showdepremiosbendicasa.com.br\/index.php?rest_route=%2Fwp%2Fv2%2Fmedia&parent=16790"}],"wp:term":[{"taxonomy":"product_cat","embeddable":true,"href":"https:\/\/ecursos.showdepremiosbendicasa.com.br\/index.php?rest_route=%2Fwp%2Fv2%2Fproduct_cat&post=16790"},{"taxonomy":"product_tag","embeddable":true,"href":"https:\/\/ecursos.showdepremiosbendicasa.com.br\/index.php?rest_route=%2Fwp%2Fv2%2Fproduct_tag&post=16790"}],"curies":[{"name":"wp","href":"https:\/\/api.w.org\/{rel}","templated":true}]}}