
	{"id":16920,"date":"2021-01-24T18:04:18","date_gmt":"2021-01-24T20:04:18","guid":{"rendered":"http:\/\/ecursos.treinaonline.com\/produto\/curso-de-fuxico-basico-introducao\/"},"modified":"2021-01-24T18:04:18","modified_gmt":"2021-01-24T20:04:18","slug":"curso-de-fuxico-basico-introducao","status":"publish","type":"product","link":"https:\/\/ecursos.showdepremiosbendicasa.com.br\/?product=curso-de-fuxico-basico-introducao","title":{"rendered":"Curso de Fuxico B\u00e1sico: Introdu\u00e7\u00e3o"},"content":{"rendered":"<p>Voc\u00ea aprende Marcador de p\u00e1gina com fuxico, Fuxico b\u00e1sico com enchimento \u0096 Decora\u00e7\u00e3o de tiara e Fuxico com feltro \u0096 Decora\u00e7\u00e3o de bon\u00e9.<\/p>\n<p>Sobre a carga hor\u00e1ria:<br \/>\nO curso possui 2 horas de carga hor\u00e1ria.<\/p>\n","protected":false},"excerpt":{"rendered":"<p>Voc\u00ea aprende Marcador de p\u00e1gina com fuxico, Fuxico b\u00e1sico com enchimento \u0096 Decora\u00e7\u00e3o de tiara e Fuxico com feltro \u0096 Decora\u00e7\u00e3o de bon\u00e9. Sobre a carga hor\u00e1ria: O curso possui 2 horas de carga hor\u00e1ria.<\/p>\n","protected":false},"featured_media":0,"comment_status":"open","ping_status":"closed","template":"","meta":[],"product_cat":[203],"product_tag":[],"class_list":{"0":"post-16920","1":"product","2":"type-product","3":"status-publish","5":"product_cat-artesanato","6":"post","8":"first","9":"instock","10":"virtual","11":"sold-individually","12":"product-type-simple"},"_links":{"self":[{"href":"https:\/\/ecursos.showdepremiosbendicasa.com.br\/index.php?rest_route=\/wp\/v2\/product\/16920"}],"collection":[{"href":"https:\/\/ecursos.showdepremiosbendicasa.com.br\/index.php?rest_route=\/wp\/v2\/product"}],"about":[{"href":"https:\/\/ecursos.showdepremiosbendicasa.com.br\/index.php?rest_route=\/wp\/v2\/types\/product"}],"replies":[{"embeddable":true,"href":"https:\/\/ecursos.showdepremiosbendicasa.com.br\/index.php?rest_route=%2Fwp%2Fv2%2Fcomments&post=16920"}],"version-history":[{"count":0,"href":"https:\/\/ecursos.showdepremiosbendicasa.com.br\/index.php?rest_route=\/wp\/v2\/product\/16920\/revisions"}],"wp:attachment":[{"href":"https:\/\/ecursos.showdepremiosbendicasa.com.br\/index.php?rest_route=%2Fwp%2Fv2%2Fmedia&parent=16920"}],"wp:term":[{"taxonomy":"product_cat","embeddable":true,"href":"https:\/\/ecursos.showdepremiosbendicasa.com.br\/index.php?rest_route=%2Fwp%2Fv2%2Fproduct_cat&post=16920"},{"taxonomy":"product_tag","embeddable":true,"href":"https:\/\/ecursos.showdepremiosbendicasa.com.br\/index.php?rest_route=%2Fwp%2Fv2%2Fproduct_tag&post=16920"}],"curies":[{"name":"wp","href":"https:\/\/api.w.org\/{rel}","templated":true}]}}