
	{"id":16950,"date":"2021-01-24T18:04:46","date_gmt":"2021-01-24T20:04:46","guid":{"rendered":"http:\/\/ecursos.treinaonline.com\/produto\/curso-de-gestao-de-processos\/"},"modified":"2021-01-24T18:04:46","modified_gmt":"2021-01-24T20:04:46","slug":"curso-de-gestao-de-processos","status":"publish","type":"product","link":"https:\/\/ecursos.showdepremiosbendicasa.com.br\/?product=curso-de-gestao-de-processos","title":{"rendered":"Curso de Gest\u00e3o de Processos"},"content":{"rendered":"<p>Apresenta como fazer gest\u00e3o de processos, como melhorar processos, qual a simbologia utilizada e dentro do curso ainda ser\u00e1 dada uma \u00eanfase em log\u00edstica, onde veremos a gest\u00e3o de processos na \u00e1rea de log\u00edstica de suprimentos, log\u00edstica de produ\u00e7\u00e3o, log\u00edstica de distribui\u00e7\u00e3o, suas conex\u00f5es e muito mais.<\/p>\n<p>Sobre a carga hor\u00e1ria:<br \/>\nO curso possui 80 horas de carga hor\u00e1ria. Por\u00e9m, se for conclu\u00eddo antes de 5 dias, passa a ter 10 horas de carga hor\u00e1ria. Conforme nosso contrato e termos de uso.<\/p>\n","protected":false},"excerpt":{"rendered":"<p>Apresenta como fazer gest\u00e3o de processos, como melhorar processos, qual a simbologia utilizada e dentro do curso ainda ser\u00e1 dada uma \u00eanfase em log\u00edstica, onde veremos a gest\u00e3o de processos na \u00e1rea de log\u00edstica de suprimentos, log\u00edstica de produ\u00e7\u00e3o, log\u00edstica de distribui\u00e7\u00e3o, suas conex\u00f5es e muito mais. Sobre a carga hor\u00e1ria: O curso possui 80 horas de carga hor\u00e1ria. Por\u00e9m, [&hellip;]<\/p>\n","protected":false},"featured_media":0,"comment_status":"open","ping_status":"closed","template":"","meta":[],"product_cat":[199],"product_tag":[],"class_list":{"0":"post-16950","1":"product","2":"type-product","3":"status-publish","5":"product_cat-administracao","6":"post","8":"first","9":"instock","10":"virtual","11":"sold-individually","12":"product-type-simple"},"_links":{"self":[{"href":"https:\/\/ecursos.showdepremiosbendicasa.com.br\/index.php?rest_route=\/wp\/v2\/product\/16950"}],"collection":[{"href":"https:\/\/ecursos.showdepremiosbendicasa.com.br\/index.php?rest_route=\/wp\/v2\/product"}],"about":[{"href":"https:\/\/ecursos.showdepremiosbendicasa.com.br\/index.php?rest_route=\/wp\/v2\/types\/product"}],"replies":[{"embeddable":true,"href":"https:\/\/ecursos.showdepremiosbendicasa.com.br\/index.php?rest_route=%2Fwp%2Fv2%2Fcomments&post=16950"}],"version-history":[{"count":0,"href":"https:\/\/ecursos.showdepremiosbendicasa.com.br\/index.php?rest_route=\/wp\/v2\/product\/16950\/revisions"}],"wp:attachment":[{"href":"https:\/\/ecursos.showdepremiosbendicasa.com.br\/index.php?rest_route=%2Fwp%2Fv2%2Fmedia&parent=16950"}],"wp:term":[{"taxonomy":"product_cat","embeddable":true,"href":"https:\/\/ecursos.showdepremiosbendicasa.com.br\/index.php?rest_route=%2Fwp%2Fv2%2Fproduct_cat&post=16950"},{"taxonomy":"product_tag","embeddable":true,"href":"https:\/\/ecursos.showdepremiosbendicasa.com.br\/index.php?rest_route=%2Fwp%2Fv2%2Fproduct_tag&post=16950"}],"curies":[{"name":"wp","href":"https:\/\/api.w.org\/{rel}","templated":true}]}}