
	{"id":17049,"date":"2021-01-24T18:06:40","date_gmt":"2021-01-24T20:06:40","guid":{"rendered":"http:\/\/ecursos.treinaonline.com\/produto\/curso-de-introducao-a-gestao-de-estoque\/"},"modified":"2021-01-24T18:06:40","modified_gmt":"2021-01-24T20:06:40","slug":"curso-de-introducao-a-gestao-de-estoque","status":"publish","type":"product","link":"https:\/\/ecursos.showdepremiosbendicasa.com.br\/?product=curso-de-introducao-a-gestao-de-estoque","title":{"rendered":"Curso de Introdu\u00e7\u00e3o \u00e0 Gest\u00e3o de Estoque"},"content":{"rendered":"<p>Aborda O que \u00e9 estoque?, Por que estocar?, O que \u00e9 cadeia log\u00edstica?, O que se deve manter em estoque?, Produtos em processo e estoque, Produtos acabados e estoque, Estoque em tr\u00e2nsito, Estoque em consigna\u00e7\u00e3o, Quantidade em estoque, Estoque m\u00e1ximo, Estoque m\u00e9dio e Estoque m\u00ednimo ou ponto de pedido.<\/p>\n<p>Sobre a carga hor\u00e1ria:<br \/>\nO curso possui 10 horas de carga hor\u00e1ria.<\/p>\n","protected":false},"excerpt":{"rendered":"<p>Aborda O que \u00e9 estoque?, Por que estocar?, O que \u00e9 cadeia log\u00edstica?, O que se deve manter em estoque?, Produtos em processo e estoque, Produtos acabados e estoque, Estoque em tr\u00e2nsito, Estoque em consigna\u00e7\u00e3o, Quantidade em estoque, Estoque m\u00e1ximo, Estoque m\u00e9dio e Estoque m\u00ednimo ou ponto de pedido. Sobre a carga hor\u00e1ria: O curso possui 10 horas de carga [&hellip;]<\/p>\n","protected":false},"featured_media":0,"comment_status":"open","ping_status":"closed","template":"","meta":[],"product_cat":[227],"product_tag":[],"class_list":{"0":"post-17049","1":"product","2":"type-product","3":"status-publish","5":"product_cat-logistica","6":"post","8":"first","9":"instock","10":"virtual","11":"sold-individually","12":"product-type-simple"},"_links":{"self":[{"href":"https:\/\/ecursos.showdepremiosbendicasa.com.br\/index.php?rest_route=\/wp\/v2\/product\/17049"}],"collection":[{"href":"https:\/\/ecursos.showdepremiosbendicasa.com.br\/index.php?rest_route=\/wp\/v2\/product"}],"about":[{"href":"https:\/\/ecursos.showdepremiosbendicasa.com.br\/index.php?rest_route=\/wp\/v2\/types\/product"}],"replies":[{"embeddable":true,"href":"https:\/\/ecursos.showdepremiosbendicasa.com.br\/index.php?rest_route=%2Fwp%2Fv2%2Fcomments&post=17049"}],"version-history":[{"count":0,"href":"https:\/\/ecursos.showdepremiosbendicasa.com.br\/index.php?rest_route=\/wp\/v2\/product\/17049\/revisions"}],"wp:attachment":[{"href":"https:\/\/ecursos.showdepremiosbendicasa.com.br\/index.php?rest_route=%2Fwp%2Fv2%2Fmedia&parent=17049"}],"wp:term":[{"taxonomy":"product_cat","embeddable":true,"href":"https:\/\/ecursos.showdepremiosbendicasa.com.br\/index.php?rest_route=%2Fwp%2Fv2%2Fproduct_cat&post=17049"},{"taxonomy":"product_tag","embeddable":true,"href":"https:\/\/ecursos.showdepremiosbendicasa.com.br\/index.php?rest_route=%2Fwp%2Fv2%2Fproduct_tag&post=17049"}],"curies":[{"name":"wp","href":"https:\/\/api.w.org\/{rel}","templated":true}]}}