
	{"id":17062,"date":"2021-01-24T18:06:59","date_gmt":"2021-01-24T20:06:59","guid":{"rendered":"http:\/\/ecursos.treinaonline.com\/produto\/curso-de-introducao-a-matematica-financeira-com-excel\/"},"modified":"2021-01-24T18:06:59","modified_gmt":"2021-01-24T20:06:59","slug":"curso-de-introducao-a-matematica-financeira-com-excel","status":"publish","type":"product","link":"https:\/\/ecursos.showdepremiosbendicasa.com.br\/?product=curso-de-introducao-a-matematica-financeira-com-excel","title":{"rendered":"Curso de Introdu\u00e7\u00e3o \u00e0 Matem\u00e1tica Financeira com Excel"},"content":{"rendered":"<p>Voc\u00ea aprende Introdu\u00e7\u00e3o a Matem\u00e1tica Financeira no Excel e Fun\u00e7\u00f5es de C\u00e1lculos Percentuais, Juros, Empr\u00e9stimos e Taxas.<\/p>\n<p>Sobre a carga hor\u00e1ria:<br \/>\nO curso possui 5 horas de carga hor\u00e1ria.<\/p>\n","protected":false},"excerpt":{"rendered":"<p>Voc\u00ea aprende Introdu\u00e7\u00e3o a Matem\u00e1tica Financeira no Excel e Fun\u00e7\u00f5es de C\u00e1lculos Percentuais, Juros, Empr\u00e9stimos e Taxas. Sobre a carga hor\u00e1ria: O curso possui 5 horas de carga hor\u00e1ria.<\/p>\n","protected":false},"featured_media":0,"comment_status":"open","ping_status":"closed","template":"","meta":[],"product_cat":[220],"product_tag":[],"class_list":{"0":"post-17062","1":"product","2":"type-product","3":"status-publish","5":"product_cat-financas","6":"post","8":"first","9":"instock","10":"virtual","11":"sold-individually","12":"product-type-simple"},"_links":{"self":[{"href":"https:\/\/ecursos.showdepremiosbendicasa.com.br\/index.php?rest_route=\/wp\/v2\/product\/17062"}],"collection":[{"href":"https:\/\/ecursos.showdepremiosbendicasa.com.br\/index.php?rest_route=\/wp\/v2\/product"}],"about":[{"href":"https:\/\/ecursos.showdepremiosbendicasa.com.br\/index.php?rest_route=\/wp\/v2\/types\/product"}],"replies":[{"embeddable":true,"href":"https:\/\/ecursos.showdepremiosbendicasa.com.br\/index.php?rest_route=%2Fwp%2Fv2%2Fcomments&post=17062"}],"version-history":[{"count":0,"href":"https:\/\/ecursos.showdepremiosbendicasa.com.br\/index.php?rest_route=\/wp\/v2\/product\/17062\/revisions"}],"wp:attachment":[{"href":"https:\/\/ecursos.showdepremiosbendicasa.com.br\/index.php?rest_route=%2Fwp%2Fv2%2Fmedia&parent=17062"}],"wp:term":[{"taxonomy":"product_cat","embeddable":true,"href":"https:\/\/ecursos.showdepremiosbendicasa.com.br\/index.php?rest_route=%2Fwp%2Fv2%2Fproduct_cat&post=17062"},{"taxonomy":"product_tag","embeddable":true,"href":"https:\/\/ecursos.showdepremiosbendicasa.com.br\/index.php?rest_route=%2Fwp%2Fv2%2Fproduct_tag&post=17062"}],"curies":[{"name":"wp","href":"https:\/\/api.w.org\/{rel}","templated":true}]}}