
	{"id":17064,"date":"2021-01-24T18:07:01","date_gmt":"2021-01-24T20:07:01","guid":{"rendered":"http:\/\/ecursos.treinaonline.com\/produto\/curso-de-introducao-a-modelagem-e-costura\/"},"modified":"2021-01-24T18:07:01","modified_gmt":"2021-01-24T20:07:01","slug":"curso-de-introducao-a-modelagem-e-costura","status":"publish","type":"product","link":"https:\/\/ecursos.showdepremiosbendicasa.com.br\/?product=curso-de-introducao-a-modelagem-e-costura","title":{"rendered":"Curso de Introdu\u00e7\u00e3o \u00e0 Modelagem e Costura"},"content":{"rendered":"<p>Explica O que \u00e9 modelagem e costura?, Como tirar medidas, Como cortar e modelar cada pe\u00e7a, Manejo da m\u00e1quina dom\u00e9stica, Conhecendo os pontos da m\u00e1quina, Modelagem da frente da saia e Modelagem de costas e c\u00f3s da saia.<\/p>\n<p>Sobre a carga hor\u00e1ria:<br \/>\nO curso possui 10 horas de carga hor\u00e1ria.<\/p>\n","protected":false},"excerpt":{"rendered":"<p>Explica O que \u00e9 modelagem e costura?, Como tirar medidas, Como cortar e modelar cada pe\u00e7a, Manejo da m\u00e1quina dom\u00e9stica, Conhecendo os pontos da m\u00e1quina, Modelagem da frente da saia e Modelagem de costas e c\u00f3s da saia. Sobre a carga hor\u00e1ria: O curso possui 10 horas de carga hor\u00e1ria.<\/p>\n","protected":false},"featured_media":0,"comment_status":"open","ping_status":"closed","template":"","meta":[],"product_cat":[226],"product_tag":[],"class_list":{"0":"post-17064","1":"product","2":"type-product","3":"status-publish","5":"product_cat-iniciacao-profissional","6":"post","8":"first","9":"instock","10":"virtual","11":"sold-individually","12":"product-type-simple"},"_links":{"self":[{"href":"https:\/\/ecursos.showdepremiosbendicasa.com.br\/index.php?rest_route=\/wp\/v2\/product\/17064"}],"collection":[{"href":"https:\/\/ecursos.showdepremiosbendicasa.com.br\/index.php?rest_route=\/wp\/v2\/product"}],"about":[{"href":"https:\/\/ecursos.showdepremiosbendicasa.com.br\/index.php?rest_route=\/wp\/v2\/types\/product"}],"replies":[{"embeddable":true,"href":"https:\/\/ecursos.showdepremiosbendicasa.com.br\/index.php?rest_route=%2Fwp%2Fv2%2Fcomments&post=17064"}],"version-history":[{"count":0,"href":"https:\/\/ecursos.showdepremiosbendicasa.com.br\/index.php?rest_route=\/wp\/v2\/product\/17064\/revisions"}],"wp:attachment":[{"href":"https:\/\/ecursos.showdepremiosbendicasa.com.br\/index.php?rest_route=%2Fwp%2Fv2%2Fmedia&parent=17064"}],"wp:term":[{"taxonomy":"product_cat","embeddable":true,"href":"https:\/\/ecursos.showdepremiosbendicasa.com.br\/index.php?rest_route=%2Fwp%2Fv2%2Fproduct_cat&post=17064"},{"taxonomy":"product_tag","embeddable":true,"href":"https:\/\/ecursos.showdepremiosbendicasa.com.br\/index.php?rest_route=%2Fwp%2Fv2%2Fproduct_tag&post=17064"}],"curies":[{"name":"wp","href":"https:\/\/api.w.org\/{rel}","templated":true}]}}