
	{"id":17099,"date":"2021-01-24T18:07:40","date_gmt":"2021-01-24T20:07:40","guid":{"rendered":"http:\/\/ecursos.treinaonline.com\/produto\/curso-de-introducao-ao-cinema-4d\/"},"modified":"2021-01-24T18:07:40","modified_gmt":"2021-01-24T20:07:40","slug":"curso-de-introducao-ao-cinema-4d","status":"publish","type":"product","link":"https:\/\/ecursos.showdepremiosbendicasa.com.br\/?product=curso-de-introducao-ao-cinema-4d","title":{"rendered":"Curso de Introdu\u00e7\u00e3o ao Cinema 4D"},"content":{"rendered":"<p>Aborda Introdu\u00e7\u00e3o ao Cinema 4D, Vis\u00e3o Geral do cinema 4D, Interface, Criando Objetos e Objetos de Cena, Entendendo a Luz no Cinema 4D, Sombras e sistema de luz de tr\u00eas pontos, Criando e Aplicando Texturas, M\u00e9todos de Proje\u00e7\u00f5es, Tags de Sele\u00e7\u00f5es e Aplica\u00e7\u00e3o de Texturas em Texto, Visualizando Projetos e Par\u00e2metros do Render.<\/p>\n<p>Sobre a carga hor\u00e1ria:<br \/>\nO curso possui 10 horas de carga hor\u00e1ria.<\/p>\n","protected":false},"excerpt":{"rendered":"<p>Aborda Introdu\u00e7\u00e3o ao Cinema 4D, Vis\u00e3o Geral do cinema 4D, Interface, Criando Objetos e Objetos de Cena, Entendendo a Luz no Cinema 4D, Sombras e sistema de luz de tr\u00eas pontos, Criando e Aplicando Texturas, M\u00e9todos de Proje\u00e7\u00f5es, Tags de Sele\u00e7\u00f5es e Aplica\u00e7\u00e3o de Texturas em Texto, Visualizando Projetos e Par\u00e2metros do Render. Sobre a carga hor\u00e1ria: O curso possui [&hellip;]<\/p>\n","protected":false},"featured_media":0,"comment_status":"open","ping_status":"closed","template":"","meta":[],"product_cat":[222],"product_tag":[],"class_list":{"0":"post-17099","1":"product","2":"type-product","3":"status-publish","5":"product_cat-fotografia-e-video","6":"post","8":"first","9":"instock","10":"virtual","11":"sold-individually","12":"product-type-simple"},"_links":{"self":[{"href":"https:\/\/ecursos.showdepremiosbendicasa.com.br\/index.php?rest_route=\/wp\/v2\/product\/17099"}],"collection":[{"href":"https:\/\/ecursos.showdepremiosbendicasa.com.br\/index.php?rest_route=\/wp\/v2\/product"}],"about":[{"href":"https:\/\/ecursos.showdepremiosbendicasa.com.br\/index.php?rest_route=\/wp\/v2\/types\/product"}],"replies":[{"embeddable":true,"href":"https:\/\/ecursos.showdepremiosbendicasa.com.br\/index.php?rest_route=%2Fwp%2Fv2%2Fcomments&post=17099"}],"version-history":[{"count":0,"href":"https:\/\/ecursos.showdepremiosbendicasa.com.br\/index.php?rest_route=\/wp\/v2\/product\/17099\/revisions"}],"wp:attachment":[{"href":"https:\/\/ecursos.showdepremiosbendicasa.com.br\/index.php?rest_route=%2Fwp%2Fv2%2Fmedia&parent=17099"}],"wp:term":[{"taxonomy":"product_cat","embeddable":true,"href":"https:\/\/ecursos.showdepremiosbendicasa.com.br\/index.php?rest_route=%2Fwp%2Fv2%2Fproduct_cat&post=17099"},{"taxonomy":"product_tag","embeddable":true,"href":"https:\/\/ecursos.showdepremiosbendicasa.com.br\/index.php?rest_route=%2Fwp%2Fv2%2Fproduct_tag&post=17099"}],"curies":[{"name":"wp","href":"https:\/\/api.w.org\/{rel}","templated":true}]}}