
	{"id":17160,"date":"2021-01-24T18:09:08","date_gmt":"2021-01-24T20:09:08","guid":{"rendered":"http:\/\/ecursos.treinaonline.com\/produto\/curso-de-introducao-ao-nr-06\/"},"modified":"2021-01-24T18:09:08","modified_gmt":"2021-01-24T20:09:08","slug":"curso-de-introducao-ao-nr-06","status":"publish","type":"product","link":"https:\/\/ecursos.showdepremiosbendicasa.com.br\/?product=curso-de-introducao-ao-nr-06","title":{"rendered":"Curso de Introdu\u00e7\u00e3o ao NR-06"},"content":{"rendered":"<p>Ensina Introdu\u00e7\u00e3o \u00e0 Legisla\u00e7\u00e3o Trabalhista, Legisla\u00e7\u00e3o de SST, Conceito de EPI, Obrigatoriedade , Anexo I, Lista de EPIs, Do SESMT e CIPA  , Responsabilidades do empregador, Responsabilidades dos empregados e Formul\u00e1rio.<\/p>\n<p>Sobre a carga hor\u00e1ria:<br \/>\nO curso possui 10 horas de carga hor\u00e1ria.<\/p>\n","protected":false},"excerpt":{"rendered":"<p>Ensina Introdu\u00e7\u00e3o \u00e0 Legisla\u00e7\u00e3o Trabalhista, Legisla\u00e7\u00e3o de SST, Conceito de EPI, Obrigatoriedade , Anexo I, Lista de EPIs, Do SESMT e CIPA , Responsabilidades do empregador, Responsabilidades dos empregados e Formul\u00e1rio. Sobre a carga hor\u00e1ria: O curso possui 10 horas de carga hor\u00e1ria.<\/p>\n","protected":false},"featured_media":0,"comment_status":"open","ping_status":"closed","template":"","meta":[],"product_cat":[199],"product_tag":[],"class_list":{"0":"post-17160","1":"product","2":"type-product","3":"status-publish","5":"product_cat-administracao","6":"post","8":"first","9":"instock","10":"virtual","11":"sold-individually","12":"product-type-simple"},"_links":{"self":[{"href":"https:\/\/ecursos.showdepremiosbendicasa.com.br\/index.php?rest_route=\/wp\/v2\/product\/17160"}],"collection":[{"href":"https:\/\/ecursos.showdepremiosbendicasa.com.br\/index.php?rest_route=\/wp\/v2\/product"}],"about":[{"href":"https:\/\/ecursos.showdepremiosbendicasa.com.br\/index.php?rest_route=\/wp\/v2\/types\/product"}],"replies":[{"embeddable":true,"href":"https:\/\/ecursos.showdepremiosbendicasa.com.br\/index.php?rest_route=%2Fwp%2Fv2%2Fcomments&post=17160"}],"version-history":[{"count":0,"href":"https:\/\/ecursos.showdepremiosbendicasa.com.br\/index.php?rest_route=\/wp\/v2\/product\/17160\/revisions"}],"wp:attachment":[{"href":"https:\/\/ecursos.showdepremiosbendicasa.com.br\/index.php?rest_route=%2Fwp%2Fv2%2Fmedia&parent=17160"}],"wp:term":[{"taxonomy":"product_cat","embeddable":true,"href":"https:\/\/ecursos.showdepremiosbendicasa.com.br\/index.php?rest_route=%2Fwp%2Fv2%2Fproduct_cat&post=17160"},{"taxonomy":"product_tag","embeddable":true,"href":"https:\/\/ecursos.showdepremiosbendicasa.com.br\/index.php?rest_route=%2Fwp%2Fv2%2Fproduct_tag&post=17160"}],"curies":[{"name":"wp","href":"https:\/\/api.w.org\/{rel}","templated":true}]}}