
	{"id":17162,"date":"2021-01-24T18:09:09","date_gmt":"2021-01-24T20:09:09","guid":{"rendered":"http:\/\/ecursos.treinaonline.com\/produto\/curso-de-introducao-ao-personal-organizer\/"},"modified":"2021-01-24T18:09:09","modified_gmt":"2021-01-24T20:09:09","slug":"curso-de-introducao-ao-personal-organizer","status":"publish","type":"product","link":"https:\/\/ecursos.showdepremiosbendicasa.com.br\/?product=curso-de-introducao-ao-personal-organizer","title":{"rendered":"Curso de Introdu\u00e7\u00e3o ao Personal Organizer"},"content":{"rendered":"<p>Explica O que \u00e9 um Personal Organizer?, Arruma\u00e7\u00e3o x Organiza\u00e7\u00e3o, Metodologia da organiza\u00e7\u00e3o, A imagem pessoal do Personal Organizer,  Comportamento e postura do profissional, O que fazer na visita ao cliente?,  O que o Personal Organizer vende?, Como vender o seu servi\u00e7o?, Como precificar o seu servi\u00e7o? e Formul\u00e1rio.<\/p>\n<p>Sobre a carga hor\u00e1ria:<br \/>\nO curso possui 10 horas de carga hor\u00e1ria.<\/p>\n","protected":false},"excerpt":{"rendered":"<p>Explica O que \u00e9 um Personal Organizer?, Arruma\u00e7\u00e3o x Organiza\u00e7\u00e3o, Metodologia da organiza\u00e7\u00e3o, A imagem pessoal do Personal Organizer, Comportamento e postura do profissional, O que fazer na visita ao cliente?, O que o Personal Organizer vende?, Como vender o seu servi\u00e7o?, Como precificar o seu servi\u00e7o? e Formul\u00e1rio. Sobre a carga hor\u00e1ria: O curso possui 10 horas de carga [&hellip;]<\/p>\n","protected":false},"featured_media":0,"comment_status":"open","ping_status":"closed","template":"","meta":[],"product_cat":[226],"product_tag":[],"class_list":{"0":"post-17162","1":"product","2":"type-product","3":"status-publish","5":"product_cat-iniciacao-profissional","6":"post","8":"first","9":"instock","10":"virtual","11":"sold-individually","12":"product-type-simple"},"_links":{"self":[{"href":"https:\/\/ecursos.showdepremiosbendicasa.com.br\/index.php?rest_route=\/wp\/v2\/product\/17162"}],"collection":[{"href":"https:\/\/ecursos.showdepremiosbendicasa.com.br\/index.php?rest_route=\/wp\/v2\/product"}],"about":[{"href":"https:\/\/ecursos.showdepremiosbendicasa.com.br\/index.php?rest_route=\/wp\/v2\/types\/product"}],"replies":[{"embeddable":true,"href":"https:\/\/ecursos.showdepremiosbendicasa.com.br\/index.php?rest_route=%2Fwp%2Fv2%2Fcomments&post=17162"}],"version-history":[{"count":0,"href":"https:\/\/ecursos.showdepremiosbendicasa.com.br\/index.php?rest_route=\/wp\/v2\/product\/17162\/revisions"}],"wp:attachment":[{"href":"https:\/\/ecursos.showdepremiosbendicasa.com.br\/index.php?rest_route=%2Fwp%2Fv2%2Fmedia&parent=17162"}],"wp:term":[{"taxonomy":"product_cat","embeddable":true,"href":"https:\/\/ecursos.showdepremiosbendicasa.com.br\/index.php?rest_route=%2Fwp%2Fv2%2Fproduct_cat&post=17162"},{"taxonomy":"product_tag","embeddable":true,"href":"https:\/\/ecursos.showdepremiosbendicasa.com.br\/index.php?rest_route=%2Fwp%2Fv2%2Fproduct_tag&post=17162"}],"curies":[{"name":"wp","href":"https:\/\/api.w.org\/{rel}","templated":true}]}}