
	{"id":17179,"date":"2021-01-24T18:09:27","date_gmt":"2021-01-24T20:09:27","guid":{"rendered":"http:\/\/ecursos.treinaonline.com\/produto\/curso-de-introducao-ao-yoga\/"},"modified":"2021-01-24T18:09:27","modified_gmt":"2021-01-24T20:09:27","slug":"curso-de-introducao-ao-yoga","status":"publish","type":"product","link":"https:\/\/ecursos.showdepremiosbendicasa.com.br\/?product=curso-de-introducao-ao-yoga","title":{"rendered":"Curso de Introdu\u00e7\u00e3o ao Yoga"},"content":{"rendered":"<p>Voc\u00ea aprende Defini\u00e7\u00e3o, Breve Hist\u00f3rico, Recomenda\u00e7\u00e3o, Defini\u00e7\u00e3o, T\u00e9cnica, T\u00e9cnica Surya e Candra Bhedana e Defini\u00e7\u00e3o.<\/p>\n<p>Sobre a carga hor\u00e1ria:<br \/>\nO curso possui 10 horas de carga hor\u00e1ria.<\/p>\n","protected":false},"excerpt":{"rendered":"<p>Voc\u00ea aprende Defini\u00e7\u00e3o, Breve Hist\u00f3rico, Recomenda\u00e7\u00e3o, Defini\u00e7\u00e3o, T\u00e9cnica, T\u00e9cnica Surya e Candra Bhedana e Defini\u00e7\u00e3o. Sobre a carga hor\u00e1ria: O curso possui 10 horas de carga hor\u00e1ria.<\/p>\n","protected":false},"featured_media":0,"comment_status":"open","ping_status":"closed","template":"","meta":[],"product_cat":[214],"product_tag":[],"class_list":{"0":"post-17179","1":"product","2":"type-product","3":"status-publish","5":"product_cat-educacao-fisica-e-esporte","6":"post","8":"first","9":"instock","10":"virtual","11":"sold-individually","12":"product-type-simple"},"_links":{"self":[{"href":"https:\/\/ecursos.showdepremiosbendicasa.com.br\/index.php?rest_route=\/wp\/v2\/product\/17179"}],"collection":[{"href":"https:\/\/ecursos.showdepremiosbendicasa.com.br\/index.php?rest_route=\/wp\/v2\/product"}],"about":[{"href":"https:\/\/ecursos.showdepremiosbendicasa.com.br\/index.php?rest_route=\/wp\/v2\/types\/product"}],"replies":[{"embeddable":true,"href":"https:\/\/ecursos.showdepremiosbendicasa.com.br\/index.php?rest_route=%2Fwp%2Fv2%2Fcomments&post=17179"}],"version-history":[{"count":0,"href":"https:\/\/ecursos.showdepremiosbendicasa.com.br\/index.php?rest_route=\/wp\/v2\/product\/17179\/revisions"}],"wp:attachment":[{"href":"https:\/\/ecursos.showdepremiosbendicasa.com.br\/index.php?rest_route=%2Fwp%2Fv2%2Fmedia&parent=17179"}],"wp:term":[{"taxonomy":"product_cat","embeddable":true,"href":"https:\/\/ecursos.showdepremiosbendicasa.com.br\/index.php?rest_route=%2Fwp%2Fv2%2Fproduct_cat&post=17179"},{"taxonomy":"product_tag","embeddable":true,"href":"https:\/\/ecursos.showdepremiosbendicasa.com.br\/index.php?rest_route=%2Fwp%2Fv2%2Fproduct_tag&post=17179"}],"curies":[{"name":"wp","href":"https:\/\/api.w.org\/{rel}","templated":true}]}}