
	{"id":17221,"date":"2021-01-24T18:10:33","date_gmt":"2021-01-24T20:10:33","guid":{"rendered":"http:\/\/ecursos.treinaonline.com\/produto\/curso-de-machine-learning\/"},"modified":"2021-01-24T18:10:33","modified_gmt":"2021-01-24T20:10:33","slug":"curso-de-machine-learning","status":"publish","type":"product","link":"https:\/\/ecursos.showdepremiosbendicasa.com.br\/?product=curso-de-machine-learning","title":{"rendered":"Curso de Machine Learning"},"content":{"rendered":"<p>? Ideal para quem quer entrar no mundo da inova\u00e7\u00e3o. Voc\u00ea vai aprender sobre os tipos de aprendizagem, a regress\u00e3o log\u00edstica, a linguagem natural, algoritmos, \u00e1rvores de decis\u00e3o, e muito mais. <\/p>\n<p>Sobre a carga hor\u00e1ria:<br \/>\nO curso possui 80 horas de carga hor\u00e1ria. Por\u00e9m, se for conclu\u00eddo antes de 5 dias, passa a ter 10 horas de carga hor\u00e1ria. Conforme nosso contrato e termos de uso.<\/p>\n","protected":false},"excerpt":{"rendered":"<p>? Ideal para quem quer entrar no mundo da inova\u00e7\u00e3o. Voc\u00ea vai aprender sobre os tipos de aprendizagem, a regress\u00e3o log\u00edstica, a linguagem natural, algoritmos, \u00e1rvores de decis\u00e3o, e muito mais. Sobre a carga hor\u00e1ria: O curso possui 80 horas de carga hor\u00e1ria. Por\u00e9m, se for conclu\u00eddo antes de 5 dias, passa a ter 10 horas de carga hor\u00e1ria. Conforme [&hellip;]<\/p>\n","protected":false},"featured_media":0,"comment_status":"open","ping_status":"closed","template":"","meta":[],"product_cat":[233],"product_tag":[],"class_list":{"0":"post-17221","1":"product","2":"type-product","3":"status-publish","5":"product_cat-programacao-e-desenvolvimento","6":"post","8":"first","9":"instock","10":"virtual","11":"sold-individually","12":"product-type-simple"},"_links":{"self":[{"href":"https:\/\/ecursos.showdepremiosbendicasa.com.br\/index.php?rest_route=\/wp\/v2\/product\/17221"}],"collection":[{"href":"https:\/\/ecursos.showdepremiosbendicasa.com.br\/index.php?rest_route=\/wp\/v2\/product"}],"about":[{"href":"https:\/\/ecursos.showdepremiosbendicasa.com.br\/index.php?rest_route=\/wp\/v2\/types\/product"}],"replies":[{"embeddable":true,"href":"https:\/\/ecursos.showdepremiosbendicasa.com.br\/index.php?rest_route=%2Fwp%2Fv2%2Fcomments&post=17221"}],"version-history":[{"count":0,"href":"https:\/\/ecursos.showdepremiosbendicasa.com.br\/index.php?rest_route=\/wp\/v2\/product\/17221\/revisions"}],"wp:attachment":[{"href":"https:\/\/ecursos.showdepremiosbendicasa.com.br\/index.php?rest_route=%2Fwp%2Fv2%2Fmedia&parent=17221"}],"wp:term":[{"taxonomy":"product_cat","embeddable":true,"href":"https:\/\/ecursos.showdepremiosbendicasa.com.br\/index.php?rest_route=%2Fwp%2Fv2%2Fproduct_cat&post=17221"},{"taxonomy":"product_tag","embeddable":true,"href":"https:\/\/ecursos.showdepremiosbendicasa.com.br\/index.php?rest_route=%2Fwp%2Fv2%2Fproduct_tag&post=17221"}],"curies":[{"name":"wp","href":"https:\/\/api.w.org\/{rel}","templated":true}]}}