
	{"id":17252,"date":"2021-01-24T18:11:03","date_gmt":"2021-01-24T20:11:03","guid":{"rendered":"http:\/\/ecursos.treinaonline.com\/produto\/curso-de-matematica-financeira-com-excel\/"},"modified":"2021-01-24T18:11:03","modified_gmt":"2021-01-24T20:11:03","slug":"curso-de-matematica-financeira-com-excel","status":"publish","type":"product","link":"https:\/\/ecursos.showdepremiosbendicasa.com.br\/?product=curso-de-matematica-financeira-com-excel","title":{"rendered":"Curso de Matem\u00e1tica Financeira com Excel"},"content":{"rendered":"<p>Aborda desde os operadores de c\u00e1lculo at\u00e9 uma s\u00e9rie de exerc\u00edcios de aplica\u00e7\u00e3o dos mais diversos tipos de fun\u00e7\u00f5es que o Excel oferece. Al\u00e9m disso, voc\u00ea vai conhecer muitas f\u00f3rmulas importantes para a realiza\u00e7\u00e3o de c\u00e1lculos como os juros de uma aplica\u00e7\u00e3o, o prazo de uma opera\u00e7\u00e3o financeira, os valores de presta\u00e7\u00f5es de uma compra e at\u00e9 mesmo o planejamento de uma aposentadoria.<\/p>\n<p>Sobre a carga hor\u00e1ria:<br \/>\nO curso possui 80 horas de carga hor\u00e1ria. Por\u00e9m, se for conclu\u00eddo antes de 5 dias, passa a ter 10 horas de carga hor\u00e1ria. Conforme nosso contrato e termos de uso.<\/p>\n","protected":false},"excerpt":{"rendered":"<p>Aborda desde os operadores de c\u00e1lculo at\u00e9 uma s\u00e9rie de exerc\u00edcios de aplica\u00e7\u00e3o dos mais diversos tipos de fun\u00e7\u00f5es que o Excel oferece. Al\u00e9m disso, voc\u00ea vai conhecer muitas f\u00f3rmulas importantes para a realiza\u00e7\u00e3o de c\u00e1lculos como os juros de uma aplica\u00e7\u00e3o, o prazo de uma opera\u00e7\u00e3o financeira, os valores de presta\u00e7\u00f5es de uma compra e at\u00e9 mesmo o planejamento [&hellip;]<\/p>\n","protected":false},"featured_media":0,"comment_status":"open","ping_status":"closed","template":"","meta":[],"product_cat":[220],"product_tag":[],"class_list":{"0":"post-17252","1":"product","2":"type-product","3":"status-publish","5":"product_cat-financas","6":"post","8":"first","9":"instock","10":"virtual","11":"sold-individually","12":"product-type-simple"},"_links":{"self":[{"href":"https:\/\/ecursos.showdepremiosbendicasa.com.br\/index.php?rest_route=\/wp\/v2\/product\/17252"}],"collection":[{"href":"https:\/\/ecursos.showdepremiosbendicasa.com.br\/index.php?rest_route=\/wp\/v2\/product"}],"about":[{"href":"https:\/\/ecursos.showdepremiosbendicasa.com.br\/index.php?rest_route=\/wp\/v2\/types\/product"}],"replies":[{"embeddable":true,"href":"https:\/\/ecursos.showdepremiosbendicasa.com.br\/index.php?rest_route=%2Fwp%2Fv2%2Fcomments&post=17252"}],"version-history":[{"count":0,"href":"https:\/\/ecursos.showdepremiosbendicasa.com.br\/index.php?rest_route=\/wp\/v2\/product\/17252\/revisions"}],"wp:attachment":[{"href":"https:\/\/ecursos.showdepremiosbendicasa.com.br\/index.php?rest_route=%2Fwp%2Fv2%2Fmedia&parent=17252"}],"wp:term":[{"taxonomy":"product_cat","embeddable":true,"href":"https:\/\/ecursos.showdepremiosbendicasa.com.br\/index.php?rest_route=%2Fwp%2Fv2%2Fproduct_cat&post=17252"},{"taxonomy":"product_tag","embeddable":true,"href":"https:\/\/ecursos.showdepremiosbendicasa.com.br\/index.php?rest_route=%2Fwp%2Fv2%2Fproduct_tag&post=17252"}],"curies":[{"name":"wp","href":"https:\/\/api.w.org\/{rel}","templated":true}]}}