
	{"id":17286,"date":"2021-01-24T18:11:38","date_gmt":"2021-01-24T20:11:38","guid":{"rendered":"http:\/\/ecursos.treinaonline.com\/produto\/curso-de-nocoes-basicas-em-primeiros-socorros\/"},"modified":"2021-01-24T18:11:38","modified_gmt":"2021-01-24T20:11:38","slug":"curso-de-nocoes-basicas-em-primeiros-socorros","status":"publish","type":"product","link":"https:\/\/ecursos.showdepremiosbendicasa.com.br\/?product=curso-de-nocoes-basicas-em-primeiros-socorros","title":{"rendered":"Curso de No\u00e7\u00f5es B\u00e1sicas em Primeiros Socorros"},"content":{"rendered":"<p>Apresenta uma no\u00e7\u00e3o b\u00e1sica de como agir com v\u00edtimas de acidente driblando os conflitos, stress e o desespero das pessoas e da v\u00edtima. O curso passa no\u00e7\u00f5es b\u00e1sicas de como agir e como n\u00e3o agir numa situa\u00e7\u00e3o de urg\u00eancia e emerg\u00eancia. Al\u00e9m de situa\u00e7\u00f5es comuns de emerg\u00eancias m\u00e9dicas, AVC, engasgo e etc.<\/p>\n<p>Sobre a carga hor\u00e1ria:<br \/>\nO curso possui 80 horas de carga hor\u00e1ria. Por\u00e9m, se for conclu\u00eddo antes de 5 dias, passa a ter 10 horas de carga hor\u00e1ria. Conforme nosso contrato e termos de uso.<\/p>\n","protected":false},"excerpt":{"rendered":"<p>Apresenta uma no\u00e7\u00e3o b\u00e1sica de como agir com v\u00edtimas de acidente driblando os conflitos, stress e o desespero das pessoas e da v\u00edtima. O curso passa no\u00e7\u00f5es b\u00e1sicas de como agir e como n\u00e3o agir numa situa\u00e7\u00e3o de urg\u00eancia e emerg\u00eancia. Al\u00e9m de situa\u00e7\u00f5es comuns de emerg\u00eancias m\u00e9dicas, AVC, engasgo e etc. Sobre a carga hor\u00e1ria: O curso possui 80 [&hellip;]<\/p>\n","protected":false},"featured_media":0,"comment_status":"open","ping_status":"closed","template":"","meta":[],"product_cat":[215],"product_tag":[],"class_list":{"0":"post-17286","1":"product","2":"type-product","3":"status-publish","5":"product_cat-enfermagem","6":"post","8":"first","9":"instock","10":"virtual","11":"sold-individually","12":"product-type-simple"},"_links":{"self":[{"href":"https:\/\/ecursos.showdepremiosbendicasa.com.br\/index.php?rest_route=\/wp\/v2\/product\/17286"}],"collection":[{"href":"https:\/\/ecursos.showdepremiosbendicasa.com.br\/index.php?rest_route=\/wp\/v2\/product"}],"about":[{"href":"https:\/\/ecursos.showdepremiosbendicasa.com.br\/index.php?rest_route=\/wp\/v2\/types\/product"}],"replies":[{"embeddable":true,"href":"https:\/\/ecursos.showdepremiosbendicasa.com.br\/index.php?rest_route=%2Fwp%2Fv2%2Fcomments&post=17286"}],"version-history":[{"count":0,"href":"https:\/\/ecursos.showdepremiosbendicasa.com.br\/index.php?rest_route=\/wp\/v2\/product\/17286\/revisions"}],"wp:attachment":[{"href":"https:\/\/ecursos.showdepremiosbendicasa.com.br\/index.php?rest_route=%2Fwp%2Fv2%2Fmedia&parent=17286"}],"wp:term":[{"taxonomy":"product_cat","embeddable":true,"href":"https:\/\/ecursos.showdepremiosbendicasa.com.br\/index.php?rest_route=%2Fwp%2Fv2%2Fproduct_cat&post=17286"},{"taxonomy":"product_tag","embeddable":true,"href":"https:\/\/ecursos.showdepremiosbendicasa.com.br\/index.php?rest_route=%2Fwp%2Fv2%2Fproduct_tag&post=17286"}],"curies":[{"name":"wp","href":"https:\/\/api.w.org\/{rel}","templated":true}]}}