
	{"id":17299,"date":"2021-01-24T18:11:47","date_gmt":"2021-01-24T20:11:47","guid":{"rendered":"http:\/\/ecursos.treinaonline.com\/produto\/curso-de-nr7-pcmso\/"},"modified":"2021-01-24T18:11:47","modified_gmt":"2021-01-24T20:11:47","slug":"curso-de-nr7-pcmso","status":"publish","type":"product","link":"https:\/\/ecursos.showdepremiosbendicasa.com.br\/?product=curso-de-nr7-pcmso","title":{"rendered":"Curso de NR7: PCMSO"},"content":{"rendered":"<p>Fala sobre a promo\u00e7\u00e3o e preserva\u00e7\u00e3o da sa\u00fade dos trabalhadores, ou seja, ele trata de procedimentos que previnem ou minimizam os riscos, aos quais diversos funcion\u00e1rios s\u00e3o expostos. Al\u00e9m disso, o curso falar\u00e1 sobre diversos exames necess\u00e1rios a determinadas fun\u00e7\u00f5es, primeiros socorros, elabora\u00e7\u00e3o do documento, inclus\u00e3o de colaboradores terceirizados, e muito mais.<\/p>\n<p>Sobre a carga hor\u00e1ria:<br \/>\nO curso possui 80 horas de carga hor\u00e1ria. Por\u00e9m, se for conclu\u00eddo antes de 5 dias, passa a ter 10 horas de carga hor\u00e1ria. Conforme nosso contrato e termos de uso.<\/p>\n","protected":false},"excerpt":{"rendered":"<p>Fala sobre a promo\u00e7\u00e3o e preserva\u00e7\u00e3o da sa\u00fade dos trabalhadores, ou seja, ele trata de procedimentos que previnem ou minimizam os riscos, aos quais diversos funcion\u00e1rios s\u00e3o expostos. Al\u00e9m disso, o curso falar\u00e1 sobre diversos exames necess\u00e1rios a determinadas fun\u00e7\u00f5es, primeiros socorros, elabora\u00e7\u00e3o do documento, inclus\u00e3o de colaboradores terceirizados, e muito mais. Sobre a carga hor\u00e1ria: O curso possui 80 [&hellip;]<\/p>\n","protected":false},"featured_media":0,"comment_status":"open","ping_status":"closed","template":"","meta":[],"product_cat":[199],"product_tag":[],"class_list":{"0":"post-17299","1":"product","2":"type-product","3":"status-publish","5":"product_cat-administracao","6":"post","8":"first","9":"instock","10":"virtual","11":"sold-individually","12":"product-type-simple"},"_links":{"self":[{"href":"https:\/\/ecursos.showdepremiosbendicasa.com.br\/index.php?rest_route=\/wp\/v2\/product\/17299"}],"collection":[{"href":"https:\/\/ecursos.showdepremiosbendicasa.com.br\/index.php?rest_route=\/wp\/v2\/product"}],"about":[{"href":"https:\/\/ecursos.showdepremiosbendicasa.com.br\/index.php?rest_route=\/wp\/v2\/types\/product"}],"replies":[{"embeddable":true,"href":"https:\/\/ecursos.showdepremiosbendicasa.com.br\/index.php?rest_route=%2Fwp%2Fv2%2Fcomments&post=17299"}],"version-history":[{"count":0,"href":"https:\/\/ecursos.showdepremiosbendicasa.com.br\/index.php?rest_route=\/wp\/v2\/product\/17299\/revisions"}],"wp:attachment":[{"href":"https:\/\/ecursos.showdepremiosbendicasa.com.br\/index.php?rest_route=%2Fwp%2Fv2%2Fmedia&parent=17299"}],"wp:term":[{"taxonomy":"product_cat","embeddable":true,"href":"https:\/\/ecursos.showdepremiosbendicasa.com.br\/index.php?rest_route=%2Fwp%2Fv2%2Fproduct_cat&post=17299"},{"taxonomy":"product_tag","embeddable":true,"href":"https:\/\/ecursos.showdepremiosbendicasa.com.br\/index.php?rest_route=%2Fwp%2Fv2%2Fproduct_tag&post=17299"}],"curies":[{"name":"wp","href":"https:\/\/api.w.org\/{rel}","templated":true}]}}