
	{"id":17300,"date":"2021-01-24T18:11:53","date_gmt":"2021-01-24T20:11:53","guid":{"rendered":"http:\/\/ecursos.treinaonline.com\/produto\/curso-de-nutricao-clinica\/"},"modified":"2021-01-24T18:11:53","modified_gmt":"2021-01-24T20:11:53","slug":"curso-de-nutricao-clinica","status":"publish","type":"product","link":"https:\/\/ecursos.showdepremiosbendicasa.com.br\/?product=curso-de-nutricao-clinica","title":{"rendered":"Curso de Nutri\u00e7\u00e3o Cl\u00ednica"},"content":{"rendered":"<p>Voc\u00ea aprende sobre os alimentos que s\u00e3o importantes para a preven\u00e7\u00e3o de doen\u00e7as cardiovasculares, diabetes e enxaqueca. Al\u00e9m disso, mostraremos como realizar uma avalia\u00e7\u00e3o antropom\u00e9trica de crian\u00e7as e adultos, falaremos ainda como planejar dietas para gestantes e idosos, e tamb\u00e9m demonstraremos como preparar os alimentos de forma a priorizar que suas vitaminas e minerais fiquem retidos nos alimentos e sejam melhor aproveitados por nosso corpo e muito mais.<\/p>\n<p>Sobre a carga hor\u00e1ria:<br \/>\nO curso possui 80 horas de carga hor\u00e1ria. Por\u00e9m, se for conclu\u00eddo antes de 5 dias, passa a ter 10 horas de carga hor\u00e1ria. Conforme nosso contrato e termos de uso.<\/p>\n","protected":false},"excerpt":{"rendered":"<p>Voc\u00ea aprende sobre os alimentos que s\u00e3o importantes para a preven\u00e7\u00e3o de doen\u00e7as cardiovasculares, diabetes e enxaqueca. Al\u00e9m disso, mostraremos como realizar uma avalia\u00e7\u00e3o antropom\u00e9trica de crian\u00e7as e adultos, falaremos ainda como planejar dietas para gestantes e idosos, e tamb\u00e9m demonstraremos como preparar os alimentos de forma a priorizar que suas vitaminas e minerais fiquem retidos nos alimentos e sejam [&hellip;]<\/p>\n","protected":false},"featured_media":0,"comment_status":"open","ping_status":"closed","template":"","meta":[],"product_cat":[231],"product_tag":[],"class_list":{"0":"post-17300","1":"product","2":"type-product","3":"status-publish","5":"product_cat-nutricao","6":"post","8":"first","9":"instock","10":"virtual","11":"sold-individually","12":"product-type-simple"},"_links":{"self":[{"href":"https:\/\/ecursos.showdepremiosbendicasa.com.br\/index.php?rest_route=\/wp\/v2\/product\/17300"}],"collection":[{"href":"https:\/\/ecursos.showdepremiosbendicasa.com.br\/index.php?rest_route=\/wp\/v2\/product"}],"about":[{"href":"https:\/\/ecursos.showdepremiosbendicasa.com.br\/index.php?rest_route=\/wp\/v2\/types\/product"}],"replies":[{"embeddable":true,"href":"https:\/\/ecursos.showdepremiosbendicasa.com.br\/index.php?rest_route=%2Fwp%2Fv2%2Fcomments&post=17300"}],"version-history":[{"count":0,"href":"https:\/\/ecursos.showdepremiosbendicasa.com.br\/index.php?rest_route=\/wp\/v2\/product\/17300\/revisions"}],"wp:attachment":[{"href":"https:\/\/ecursos.showdepremiosbendicasa.com.br\/index.php?rest_route=%2Fwp%2Fv2%2Fmedia&parent=17300"}],"wp:term":[{"taxonomy":"product_cat","embeddable":true,"href":"https:\/\/ecursos.showdepremiosbendicasa.com.br\/index.php?rest_route=%2Fwp%2Fv2%2Fproduct_cat&post=17300"},{"taxonomy":"product_tag","embeddable":true,"href":"https:\/\/ecursos.showdepremiosbendicasa.com.br\/index.php?rest_route=%2Fwp%2Fv2%2Fproduct_tag&post=17300"}],"curies":[{"name":"wp","href":"https:\/\/api.w.org\/{rel}","templated":true}]}}