
	{"id":17325,"date":"2021-01-24T18:12:23","date_gmt":"2021-01-24T20:12:23","guid":{"rendered":"http:\/\/ecursos.treinaonline.com\/produto\/curso-de-personagens-de-biscuit\/"},"modified":"2021-01-24T18:12:23","modified_gmt":"2021-01-24T20:12:23","slug":"curso-de-personagens-de-biscuit","status":"publish","type":"product","link":"https:\/\/ecursos.showdepremiosbendicasa.com.br\/?product=curso-de-personagens-de-biscuit","title":{"rendered":"Curso de Personagens de Biscuit"},"content":{"rendered":"<p>Voc\u00ea aprende a t\u00e9cnica do biscuit. A professora ensinar\u00e1 a fazer enfeites, decora\u00e7\u00f5es para bolos e personagens como o Pequeno Pr\u00edncipe, a Elza do Frozen, Peppa e diversos outros.<\/p>\n<p>Sobre a carga hor\u00e1ria:<br \/>\nO curso possui 80 horas de carga hor\u00e1ria. Por\u00e9m, se for conclu\u00eddo antes de 5 dias, passa a ter 10 horas de carga hor\u00e1ria. Conforme nosso contrato e termos de uso.<\/p>\n","protected":false},"excerpt":{"rendered":"<p>Voc\u00ea aprende a t\u00e9cnica do biscuit. A professora ensinar\u00e1 a fazer enfeites, decora\u00e7\u00f5es para bolos e personagens como o Pequeno Pr\u00edncipe, a Elza do Frozen, Peppa e diversos outros. Sobre a carga hor\u00e1ria: O curso possui 80 horas de carga hor\u00e1ria. Por\u00e9m, se for conclu\u00eddo antes de 5 dias, passa a ter 10 horas de carga hor\u00e1ria. Conforme nosso contrato [&hellip;]<\/p>\n","protected":false},"featured_media":0,"comment_status":"open","ping_status":"closed","template":"","meta":[],"product_cat":[203],"product_tag":[],"class_list":{"0":"post-17325","1":"product","2":"type-product","3":"status-publish","5":"product_cat-artesanato","6":"post","8":"first","9":"instock","10":"virtual","11":"sold-individually","12":"product-type-simple"},"_links":{"self":[{"href":"https:\/\/ecursos.showdepremiosbendicasa.com.br\/index.php?rest_route=\/wp\/v2\/product\/17325"}],"collection":[{"href":"https:\/\/ecursos.showdepremiosbendicasa.com.br\/index.php?rest_route=\/wp\/v2\/product"}],"about":[{"href":"https:\/\/ecursos.showdepremiosbendicasa.com.br\/index.php?rest_route=\/wp\/v2\/types\/product"}],"replies":[{"embeddable":true,"href":"https:\/\/ecursos.showdepremiosbendicasa.com.br\/index.php?rest_route=%2Fwp%2Fv2%2Fcomments&post=17325"}],"version-history":[{"count":0,"href":"https:\/\/ecursos.showdepremiosbendicasa.com.br\/index.php?rest_route=\/wp\/v2\/product\/17325\/revisions"}],"wp:attachment":[{"href":"https:\/\/ecursos.showdepremiosbendicasa.com.br\/index.php?rest_route=%2Fwp%2Fv2%2Fmedia&parent=17325"}],"wp:term":[{"taxonomy":"product_cat","embeddable":true,"href":"https:\/\/ecursos.showdepremiosbendicasa.com.br\/index.php?rest_route=%2Fwp%2Fv2%2Fproduct_cat&post=17325"},{"taxonomy":"product_tag","embeddable":true,"href":"https:\/\/ecursos.showdepremiosbendicasa.com.br\/index.php?rest_route=%2Fwp%2Fv2%2Fproduct_tag&post=17325"}],"curies":[{"name":"wp","href":"https:\/\/api.w.org\/{rel}","templated":true}]}}