
	{"id":17367,"date":"2021-01-24T18:13:16","date_gmt":"2021-01-24T20:13:16","guid":{"rendered":"http:\/\/ecursos.treinaonline.com\/produto\/curso-de-premiere-cs-5\/"},"modified":"2021-01-24T18:13:16","modified_gmt":"2021-01-24T20:13:16","slug":"curso-de-premiere-cs-5","status":"publish","type":"product","link":"https:\/\/ecursos.showdepremiosbendicasa.com.br\/?product=curso-de-premiere-cs-5","title":{"rendered":"Curso de Premiere CS 5"},"content":{"rendered":"<p>Aborda Nesse curso de Premiere CS 5, voc\u00ea conseguir\u00e1 editar seus v\u00eddeos criando projetos a partir dos recursos dispon\u00edveis nesse programa. Aprenda a editar o \u00e1udio e o v\u00eddeo na sua Timeline, alterando a opacidade da imagem ou ajustando o som para garantir a qualidade no seu trabalho. Utilize recursos como a anima\u00e7\u00e3o com alpha fazendo com que uma imagem apare\u00e7a e desapare\u00e7a. Entenda como realizar cortes para montar o v\u00eddeo de acordo com sua necessidade. Saiba usar os marcadores para trabalhar os pontos que necessitam de edi\u00e7\u00e3o e at\u00e9 a realizar transi\u00e7\u00f5es de imagens em preto e branco para colorida. Com a ajuda do Premiere CS 5 voc\u00ea vai conseguir dar o seu toque pessoal e profissional aos seus v\u00eddeos.<\/p>\n<p>Sobre a carga hor\u00e1ria:<br \/>\nO curso possui 80 horas de carga hor\u00e1ria. Por\u00e9m, se for conclu\u00eddo antes de 5 dias, passa a ter 10 horas de carga hor\u00e1ria. Conforme nosso contrato e termos de uso.<\/p>\n","protected":false},"excerpt":{"rendered":"<p>Aborda Nesse curso de Premiere CS 5, voc\u00ea conseguir\u00e1 editar seus v\u00eddeos criando projetos a partir dos recursos dispon\u00edveis nesse programa. Aprenda a editar o \u00e1udio e o v\u00eddeo na sua Timeline, alterando a opacidade da imagem ou ajustando o som para garantir a qualidade no seu trabalho. Utilize recursos como a anima\u00e7\u00e3o com alpha fazendo com que uma imagem [&hellip;]<\/p>\n","protected":false},"featured_media":0,"comment_status":"open","ping_status":"closed","template":"","meta":[],"product_cat":[222],"product_tag":[],"class_list":{"0":"post-17367","1":"product","2":"type-product","3":"status-publish","5":"product_cat-fotografia-e-video","6":"post","8":"first","9":"instock","10":"virtual","11":"sold-individually","12":"product-type-simple"},"_links":{"self":[{"href":"https:\/\/ecursos.showdepremiosbendicasa.com.br\/index.php?rest_route=\/wp\/v2\/product\/17367"}],"collection":[{"href":"https:\/\/ecursos.showdepremiosbendicasa.com.br\/index.php?rest_route=\/wp\/v2\/product"}],"about":[{"href":"https:\/\/ecursos.showdepremiosbendicasa.com.br\/index.php?rest_route=\/wp\/v2\/types\/product"}],"replies":[{"embeddable":true,"href":"https:\/\/ecursos.showdepremiosbendicasa.com.br\/index.php?rest_route=%2Fwp%2Fv2%2Fcomments&post=17367"}],"version-history":[{"count":0,"href":"https:\/\/ecursos.showdepremiosbendicasa.com.br\/index.php?rest_route=\/wp\/v2\/product\/17367\/revisions"}],"wp:attachment":[{"href":"https:\/\/ecursos.showdepremiosbendicasa.com.br\/index.php?rest_route=%2Fwp%2Fv2%2Fmedia&parent=17367"}],"wp:term":[{"taxonomy":"product_cat","embeddable":true,"href":"https:\/\/ecursos.showdepremiosbendicasa.com.br\/index.php?rest_route=%2Fwp%2Fv2%2Fproduct_cat&post=17367"},{"taxonomy":"product_tag","embeddable":true,"href":"https:\/\/ecursos.showdepremiosbendicasa.com.br\/index.php?rest_route=%2Fwp%2Fv2%2Fproduct_tag&post=17367"}],"curies":[{"name":"wp","href":"https:\/\/api.w.org\/{rel}","templated":true}]}}