
	{"id":17408,"date":"2021-01-24T18:14:05","date_gmt":"2021-01-24T20:14:05","guid":{"rendered":"http:\/\/ecursos.treinaonline.com\/produto\/curso-de-revestimento-em-mdf\/"},"modified":"2021-01-24T18:14:05","modified_gmt":"2021-01-24T20:14:05","slug":"curso-de-revestimento-em-mdf","status":"publish","type":"product","link":"https:\/\/ecursos.showdepremiosbendicasa.com.br\/?product=curso-de-revestimento-em-mdf","title":{"rendered":"Curso de Revestimento em MDF"},"content":{"rendered":"<p>Explica t\u00e9cnicas profissionais de revestimento em MDF de forma bem pr\u00e1tica e de f\u00e1cil aprendizado, para que o aluno possa fazer suas pr\u00f3prias pe\u00e7as, presentear, vender e fazer desse aprendizado um \u00f3timo neg\u00f3cio.<\/p>\n<p>Sobre a carga hor\u00e1ria:<br \/>\nO curso possui 80 horas de carga hor\u00e1ria. Por\u00e9m, se for conclu\u00eddo antes de 5 dias, passa a ter 10 horas de carga hor\u00e1ria. Conforme nosso contrato e termos de uso.<\/p>\n","protected":false},"excerpt":{"rendered":"<p>Explica t\u00e9cnicas profissionais de revestimento em MDF de forma bem pr\u00e1tica e de f\u00e1cil aprendizado, para que o aluno possa fazer suas pr\u00f3prias pe\u00e7as, presentear, vender e fazer desse aprendizado um \u00f3timo neg\u00f3cio. Sobre a carga hor\u00e1ria: O curso possui 80 horas de carga hor\u00e1ria. Por\u00e9m, se for conclu\u00eddo antes de 5 dias, passa a ter 10 horas de carga [&hellip;]<\/p>\n","protected":false},"featured_media":0,"comment_status":"open","ping_status":"closed","template":"","meta":[],"product_cat":[203],"product_tag":[],"class_list":{"0":"post-17408","1":"product","2":"type-product","3":"status-publish","5":"product_cat-artesanato","6":"post","8":"first","9":"instock","10":"virtual","11":"sold-individually","12":"product-type-simple"},"_links":{"self":[{"href":"https:\/\/ecursos.showdepremiosbendicasa.com.br\/index.php?rest_route=\/wp\/v2\/product\/17408"}],"collection":[{"href":"https:\/\/ecursos.showdepremiosbendicasa.com.br\/index.php?rest_route=\/wp\/v2\/product"}],"about":[{"href":"https:\/\/ecursos.showdepremiosbendicasa.com.br\/index.php?rest_route=\/wp\/v2\/types\/product"}],"replies":[{"embeddable":true,"href":"https:\/\/ecursos.showdepremiosbendicasa.com.br\/index.php?rest_route=%2Fwp%2Fv2%2Fcomments&post=17408"}],"version-history":[{"count":0,"href":"https:\/\/ecursos.showdepremiosbendicasa.com.br\/index.php?rest_route=\/wp\/v2\/product\/17408\/revisions"}],"wp:attachment":[{"href":"https:\/\/ecursos.showdepremiosbendicasa.com.br\/index.php?rest_route=%2Fwp%2Fv2%2Fmedia&parent=17408"}],"wp:term":[{"taxonomy":"product_cat","embeddable":true,"href":"https:\/\/ecursos.showdepremiosbendicasa.com.br\/index.php?rest_route=%2Fwp%2Fv2%2Fproduct_cat&post=17408"},{"taxonomy":"product_tag","embeddable":true,"href":"https:\/\/ecursos.showdepremiosbendicasa.com.br\/index.php?rest_route=%2Fwp%2Fv2%2Fproduct_tag&post=17408"}],"curies":[{"name":"wp","href":"https:\/\/api.w.org\/{rel}","templated":true}]}}