
	{"id":17426,"date":"2021-01-24T18:14:23","date_gmt":"2021-01-24T20:14:23","guid":{"rendered":"http:\/\/ecursos.treinaonline.com\/produto\/curso-de-saude-bucal-tratamentos\/"},"modified":"2021-01-24T18:14:23","modified_gmt":"2021-01-24T20:14:23","slug":"curso-de-saude-bucal-tratamentos","status":"publish","type":"product","link":"https:\/\/ecursos.showdepremiosbendicasa.com.br\/?product=curso-de-saude-bucal-tratamentos","title":{"rendered":"Curso de Sa\u00fade Bucal: Tratamentos"},"content":{"rendered":"<p>Apresenta Tratamentos \u0096 Endodontia e cirurgia oral menor, Tratamentos \u0096 Pr\u00f3teses dent\u00e1rias e implantes  e Tratamentos \u0096 Periodontia e preven\u00e7\u00e3o.<\/p>\n<p>Sobre a carga hor\u00e1ria:<br \/>\nO curso possui 2 horas de carga hor\u00e1ria.<\/p>\n","protected":false},"excerpt":{"rendered":"<p>Apresenta Tratamentos \u0096 Endodontia e cirurgia oral menor, Tratamentos \u0096 Pr\u00f3teses dent\u00e1rias e implantes e Tratamentos \u0096 Periodontia e preven\u00e7\u00e3o. Sobre a carga hor\u00e1ria: O curso possui 2 horas de carga hor\u00e1ria.<\/p>\n","protected":false},"featured_media":0,"comment_status":"open","ping_status":"closed","template":"","meta":[],"product_cat":[232],"product_tag":[],"class_list":{"0":"post-17426","1":"product","2":"type-product","3":"status-publish","5":"product_cat-odontologia","6":"post","8":"first","9":"instock","10":"virtual","11":"sold-individually","12":"product-type-simple"},"_links":{"self":[{"href":"https:\/\/ecursos.showdepremiosbendicasa.com.br\/index.php?rest_route=\/wp\/v2\/product\/17426"}],"collection":[{"href":"https:\/\/ecursos.showdepremiosbendicasa.com.br\/index.php?rest_route=\/wp\/v2\/product"}],"about":[{"href":"https:\/\/ecursos.showdepremiosbendicasa.com.br\/index.php?rest_route=\/wp\/v2\/types\/product"}],"replies":[{"embeddable":true,"href":"https:\/\/ecursos.showdepremiosbendicasa.com.br\/index.php?rest_route=%2Fwp%2Fv2%2Fcomments&post=17426"}],"version-history":[{"count":0,"href":"https:\/\/ecursos.showdepremiosbendicasa.com.br\/index.php?rest_route=\/wp\/v2\/product\/17426\/revisions"}],"wp:attachment":[{"href":"https:\/\/ecursos.showdepremiosbendicasa.com.br\/index.php?rest_route=%2Fwp%2Fv2%2Fmedia&parent=17426"}],"wp:term":[{"taxonomy":"product_cat","embeddable":true,"href":"https:\/\/ecursos.showdepremiosbendicasa.com.br\/index.php?rest_route=%2Fwp%2Fv2%2Fproduct_cat&post=17426"},{"taxonomy":"product_tag","embeddable":true,"href":"https:\/\/ecursos.showdepremiosbendicasa.com.br\/index.php?rest_route=%2Fwp%2Fv2%2Fproduct_tag&post=17426"}],"curies":[{"name":"wp","href":"https:\/\/api.w.org\/{rel}","templated":true}]}}