
	{"id":17479,"date":"2021-01-24T18:15:29","date_gmt":"2021-01-24T20:15:29","guid":{"rendered":"http:\/\/ecursos.treinaonline.com\/produto\/curso-de-telemarketing\/"},"modified":"2024-09-08T10:47:50","modified_gmt":"2024-09-08T13:47:50","slug":"curso-de-telemarketing","status":"publish","type":"product","link":"https:\/\/ecursos.showdepremiosbendicasa.com.br\/?product=curso-de-telemarketing","title":{"rendered":"Curso de Telemarketing"},"content":{"rendered":"<p>Apresenta sobre a qualidade no atendimento a clientes, as principais aplica\u00e7\u00f5es no telemarketing e como atender uma liga\u00e7\u00e3o. Aprender\u00e1 tamb\u00e9m, como aperfei\u00e7oar a qualidade, a postura profissional e as fun\u00e7\u00f5es do operador.<\/p>\n<p>Sobre a carga hor\u00e1ria:<br \/>\nO curso possui 80 horas de carga hor\u00e1ria. Por\u00e9m, se for conclu\u00eddo antes de 5 dias, passa a ter 10 horas de carga hor\u00e1ria. Conforme nosso contrato e termos de uso.<\/p>\n","protected":false},"excerpt":{"rendered":"<p>Apresenta sobre a qualidade no atendimento a clientes, as principais aplica\u00e7\u00f5es no telemarketing e como atender uma liga\u00e7\u00e3o. Aprender\u00e1 tamb\u00e9m, como aperfei\u00e7oar a qualidade, a postura profissional e as fun\u00e7\u00f5es do operador. Sobre a carga hor\u00e1ria: O curso possui 80 horas de carga hor\u00e1ria. Por\u00e9m, se for conclu\u00eddo antes de 5 dias, passa a ter 10 horas de carga hor\u00e1ria. [&hellip;]<\/p>\n","protected":false},"featured_media":0,"comment_status":"open","ping_status":"closed","template":"","meta":[],"product_cat":[237],"product_tag":[],"class_list":{"0":"post-17479","1":"product","2":"type-product","3":"status-publish","5":"product_cat-vendas","6":"post","8":"first","9":"instock","10":"virtual","11":"sold-individually","12":"product-type-simple"},"_links":{"self":[{"href":"https:\/\/ecursos.showdepremiosbendicasa.com.br\/index.php?rest_route=\/wp\/v2\/product\/17479"}],"collection":[{"href":"https:\/\/ecursos.showdepremiosbendicasa.com.br\/index.php?rest_route=\/wp\/v2\/product"}],"about":[{"href":"https:\/\/ecursos.showdepremiosbendicasa.com.br\/index.php?rest_route=\/wp\/v2\/types\/product"}],"replies":[{"embeddable":true,"href":"https:\/\/ecursos.showdepremiosbendicasa.com.br\/index.php?rest_route=%2Fwp%2Fv2%2Fcomments&post=17479"}],"version-history":[{"count":0,"href":"https:\/\/ecursos.showdepremiosbendicasa.com.br\/index.php?rest_route=\/wp\/v2\/product\/17479\/revisions"}],"wp:attachment":[{"href":"https:\/\/ecursos.showdepremiosbendicasa.com.br\/index.php?rest_route=%2Fwp%2Fv2%2Fmedia&parent=17479"}],"wp:term":[{"taxonomy":"product_cat","embeddable":true,"href":"https:\/\/ecursos.showdepremiosbendicasa.com.br\/index.php?rest_route=%2Fwp%2Fv2%2Fproduct_cat&post=17479"},{"taxonomy":"product_tag","embeddable":true,"href":"https:\/\/ecursos.showdepremiosbendicasa.com.br\/index.php?rest_route=%2Fwp%2Fv2%2Fproduct_tag&post=17479"}],"curies":[{"name":"wp","href":"https:\/\/api.w.org\/{rel}","templated":true}]}}