
	{"id":86586,"date":"2024-09-04T16:14:51","date_gmt":"2024-09-04T19:14:51","guid":{"rendered":"https:\/\/ecursostreinaonline.com.br\/produto\/curso-de-auditoria-contabil-2\/"},"modified":"2024-09-04T16:14:51","modified_gmt":"2024-09-04T19:14:51","slug":"curso-de-auditoria-contabil-2","status":"publish","type":"product","link":"https:\/\/ecursos.showdepremiosbendicasa.com.br\/?product=curso-de-auditoria-contabil-2","title":{"rendered":"Curso de Auditoria Cont\u00e1bil"},"content":{"rendered":"<p>Voc\u00ea conhecer\u00e1 a origem e os objetivos da auditoria cont\u00e1bil, a diferen\u00e7a entre auditoria interna e auditoria externa, quais s\u00e3o os \u00f3rg\u00e3os reguladores, estrutura normativa, avalia\u00e7\u00e3o de controles internos, informa\u00e7\u00f5es externas ou de terceiros, como deve ser o parecer da auditoria e muito mais. Uma dica seria aproveitar e ver tamb\u00e9m Curso de Contas a Pagar e Receber,, Introdu\u00e7\u00e3o ao Fluxo de Caixa na Pr\u00e1tica, e Mercado Financeiro,.<\/p>\n<p>Sobre a carga hor\u00e1ria:<br \/>\nO curso possui 80 horas de carga hor\u00e1ria. Por\u00e9m, se for conclu\u00eddo antes de 5 dias, passa a ter 10 horas de carga hor\u00e1ria. Conforme nosso contrato e termos de uso.<\/p>\n","protected":false},"excerpt":{"rendered":"<p>Voc\u00ea conhecer\u00e1 a origem e os objetivos da auditoria cont\u00e1bil, a diferen\u00e7a entre auditoria interna e auditoria externa, quais s\u00e3o os \u00f3rg\u00e3os reguladores, estrutura normativa, avalia\u00e7\u00e3o de controles internos, informa\u00e7\u00f5es externas ou de terceiros, como deve ser o parecer da auditoria e muito mais. Uma dica seria aproveitar e ver tamb\u00e9m Curso de Contas a Pagar e Receber,, Introdu\u00e7\u00e3o ao [&hellip;]<\/p>\n","protected":false},"featured_media":0,"comment_status":"open","ping_status":"closed","template":"","meta":[],"product_cat":[206],"product_tag":[],"class_list":{"0":"post-86586","1":"product","2":"type-product","3":"status-publish","5":"product_cat-contabilidade","6":"post","8":"first","9":"instock","10":"virtual","11":"sold-individually","12":"product-type-simple"},"_links":{"self":[{"href":"https:\/\/ecursos.showdepremiosbendicasa.com.br\/index.php?rest_route=\/wp\/v2\/product\/86586"}],"collection":[{"href":"https:\/\/ecursos.showdepremiosbendicasa.com.br\/index.php?rest_route=\/wp\/v2\/product"}],"about":[{"href":"https:\/\/ecursos.showdepremiosbendicasa.com.br\/index.php?rest_route=\/wp\/v2\/types\/product"}],"replies":[{"embeddable":true,"href":"https:\/\/ecursos.showdepremiosbendicasa.com.br\/index.php?rest_route=%2Fwp%2Fv2%2Fcomments&post=86586"}],"version-history":[{"count":0,"href":"https:\/\/ecursos.showdepremiosbendicasa.com.br\/index.php?rest_route=\/wp\/v2\/product\/86586\/revisions"}],"wp:attachment":[{"href":"https:\/\/ecursos.showdepremiosbendicasa.com.br\/index.php?rest_route=%2Fwp%2Fv2%2Fmedia&parent=86586"}],"wp:term":[{"taxonomy":"product_cat","embeddable":true,"href":"https:\/\/ecursos.showdepremiosbendicasa.com.br\/index.php?rest_route=%2Fwp%2Fv2%2Fproduct_cat&post=86586"},{"taxonomy":"product_tag","embeddable":true,"href":"https:\/\/ecursos.showdepremiosbendicasa.com.br\/index.php?rest_route=%2Fwp%2Fv2%2Fproduct_tag&post=86586"}],"curies":[{"name":"wp","href":"https:\/\/api.w.org\/{rel}","templated":true}]}}