
	{"id":86595,"date":"2024-09-04T16:15:03","date_gmt":"2024-09-04T19:15:03","guid":{"rendered":"https:\/\/ecursostreinaonline.com.br\/produto\/curso-de-como-declarar-imposto-de-renda-2\/"},"modified":"2024-09-04T16:15:03","modified_gmt":"2024-09-04T19:15:03","slug":"curso-de-como-declarar-imposto-de-renda-2","status":"publish","type":"product","link":"https:\/\/ecursos.showdepremiosbendicasa.com.br\/?product=curso-de-como-declarar-imposto-de-renda-2","title":{"rendered":"Curso de Como Declarar Imposto de Renda"},"content":{"rendered":"<p>Voc\u00ea aprender\u00e1 como declarar rendimentos tribut\u00e1veis e n\u00e3o tribut\u00e1veis, como inserir dependentes, alimentandos, fontes pagadoras, lucros e dividendos, aposentadoria, doa\u00e7\u00f5es, despesas com educa\u00e7\u00e3o e sa\u00fade, d\u00edvidas, bens e direitos, ver\u00e1 tamb\u00e9m como fazer a verifica\u00e7\u00e3o de pend\u00eancias, pagamento, restitui\u00e7\u00e3o e muito mais. Quem gosta desse curso tamb\u00e9m gosta do Curso de Introdu\u00e7\u00e3o \u00e0 Economia,, Fluxo de Caixa na Pr\u00e1tica, e Contabilidade na Pr\u00e1tica,.<\/p>\n<p>Sobre a carga hor\u00e1ria:<br \/>\nO curso possui 80 horas de carga hor\u00e1ria. Por\u00e9m, se for conclu\u00eddo antes de 5 dias, passa a ter 10 horas de carga hor\u00e1ria. Conforme nosso contrato e termos de uso.<\/p>\n","protected":false},"excerpt":{"rendered":"<p>Voc\u00ea aprender\u00e1 como declarar rendimentos tribut\u00e1veis e n\u00e3o tribut\u00e1veis, como inserir dependentes, alimentandos, fontes pagadoras, lucros e dividendos, aposentadoria, doa\u00e7\u00f5es, despesas com educa\u00e7\u00e3o e sa\u00fade, d\u00edvidas, bens e direitos, ver\u00e1 tamb\u00e9m como fazer a verifica\u00e7\u00e3o de pend\u00eancias, pagamento, restitui\u00e7\u00e3o e muito mais. Quem gosta desse curso tamb\u00e9m gosta do Curso de Introdu\u00e7\u00e3o \u00e0 Economia,, Fluxo de Caixa na Pr\u00e1tica, e [&hellip;]<\/p>\n","protected":false},"featured_media":0,"comment_status":"open","ping_status":"closed","template":"","meta":[],"product_cat":[206],"product_tag":[],"class_list":{"0":"post-86595","1":"product","2":"type-product","3":"status-publish","5":"product_cat-contabilidade","6":"post","8":"first","9":"instock","10":"virtual","11":"sold-individually","12":"product-type-simple"},"_links":{"self":[{"href":"https:\/\/ecursos.showdepremiosbendicasa.com.br\/index.php?rest_route=\/wp\/v2\/product\/86595"}],"collection":[{"href":"https:\/\/ecursos.showdepremiosbendicasa.com.br\/index.php?rest_route=\/wp\/v2\/product"}],"about":[{"href":"https:\/\/ecursos.showdepremiosbendicasa.com.br\/index.php?rest_route=\/wp\/v2\/types\/product"}],"replies":[{"embeddable":true,"href":"https:\/\/ecursos.showdepremiosbendicasa.com.br\/index.php?rest_route=%2Fwp%2Fv2%2Fcomments&post=86595"}],"version-history":[{"count":0,"href":"https:\/\/ecursos.showdepremiosbendicasa.com.br\/index.php?rest_route=\/wp\/v2\/product\/86595\/revisions"}],"wp:attachment":[{"href":"https:\/\/ecursos.showdepremiosbendicasa.com.br\/index.php?rest_route=%2Fwp%2Fv2%2Fmedia&parent=86595"}],"wp:term":[{"taxonomy":"product_cat","embeddable":true,"href":"https:\/\/ecursos.showdepremiosbendicasa.com.br\/index.php?rest_route=%2Fwp%2Fv2%2Fproduct_cat&post=86595"},{"taxonomy":"product_tag","embeddable":true,"href":"https:\/\/ecursos.showdepremiosbendicasa.com.br\/index.php?rest_route=%2Fwp%2Fv2%2Fproduct_tag&post=86595"}],"curies":[{"name":"wp","href":"https:\/\/api.w.org\/{rel}","templated":true}]}}