
	{"id":86600,"date":"2024-09-04T16:15:09","date_gmt":"2024-09-04T19:15:09","guid":{"rendered":"https:\/\/ecursostreinaonline.com.br\/produto\/curso-de-contabilidade-para-micro-e-pequenos-empresarios-2\/"},"modified":"2024-09-04T16:15:09","modified_gmt":"2024-09-04T19:15:09","slug":"curso-de-contabilidade-para-micro-e-pequenos-empresarios-2","status":"publish","type":"product","link":"https:\/\/ecursos.showdepremiosbendicasa.com.br\/?product=curso-de-contabilidade-para-micro-e-pequenos-empresarios-2","title":{"rendered":"Curso de Contabilidade para Micro e Pequenos Empres\u00e1rios"},"content":{"rendered":"<p>Voc\u00ea aprender\u00e1 o que s\u00e3o receitas, despesas, custos, t\u00e9cnicas e m\u00e9todos de escritura\u00e7\u00e3o, f\u00f3rmulas cont\u00e1beis, Livro Di\u00e1rio, Livro Raz\u00e3o, balancete de verifica\u00e7\u00e3o, quais s\u00e3o as obriga\u00e7\u00f5es fiscais e tribut\u00e1rias, demonstra\u00e7\u00e3o de resultado (DRE), balan\u00e7o patrimonial e muito mais. Aproveitamos para indicar tamb\u00e9m: Curso de An\u00e1lise de Demonstra\u00e7\u00f5es Cont\u00e1beis,, Como Organizar o Or\u00e7amento Familiar, e Introdu\u00e7\u00e3o ao Faturamento,.<\/p>\n<p>Sobre a carga hor\u00e1ria:<br \/>\nO curso possui 80 horas de carga hor\u00e1ria. Por\u00e9m, se for conclu\u00eddo antes de 5 dias, passa a ter 10 horas de carga hor\u00e1ria. Conforme nosso contrato e termos de uso.<\/p>\n","protected":false},"excerpt":{"rendered":"<p>Voc\u00ea aprender\u00e1 o que s\u00e3o receitas, despesas, custos, t\u00e9cnicas e m\u00e9todos de escritura\u00e7\u00e3o, f\u00f3rmulas cont\u00e1beis, Livro Di\u00e1rio, Livro Raz\u00e3o, balancete de verifica\u00e7\u00e3o, quais s\u00e3o as obriga\u00e7\u00f5es fiscais e tribut\u00e1rias, demonstra\u00e7\u00e3o de resultado (DRE), balan\u00e7o patrimonial e muito mais. Aproveitamos para indicar tamb\u00e9m: Curso de An\u00e1lise de Demonstra\u00e7\u00f5es Cont\u00e1beis,, Como Organizar o Or\u00e7amento Familiar, e Introdu\u00e7\u00e3o ao Faturamento,. Sobre a carga [&hellip;]<\/p>\n","protected":false},"featured_media":0,"comment_status":"open","ping_status":"closed","template":"","meta":[],"product_cat":[206],"product_tag":[],"class_list":{"0":"post-86600","1":"product","2":"type-product","3":"status-publish","5":"product_cat-contabilidade","6":"post","8":"first","9":"instock","10":"virtual","11":"sold-individually","12":"product-type-simple"},"_links":{"self":[{"href":"https:\/\/ecursos.showdepremiosbendicasa.com.br\/index.php?rest_route=\/wp\/v2\/product\/86600"}],"collection":[{"href":"https:\/\/ecursos.showdepremiosbendicasa.com.br\/index.php?rest_route=\/wp\/v2\/product"}],"about":[{"href":"https:\/\/ecursos.showdepremiosbendicasa.com.br\/index.php?rest_route=\/wp\/v2\/types\/product"}],"replies":[{"embeddable":true,"href":"https:\/\/ecursos.showdepremiosbendicasa.com.br\/index.php?rest_route=%2Fwp%2Fv2%2Fcomments&post=86600"}],"version-history":[{"count":0,"href":"https:\/\/ecursos.showdepremiosbendicasa.com.br\/index.php?rest_route=\/wp\/v2\/product\/86600\/revisions"}],"wp:attachment":[{"href":"https:\/\/ecursos.showdepremiosbendicasa.com.br\/index.php?rest_route=%2Fwp%2Fv2%2Fmedia&parent=86600"}],"wp:term":[{"taxonomy":"product_cat","embeddable":true,"href":"https:\/\/ecursos.showdepremiosbendicasa.com.br\/index.php?rest_route=%2Fwp%2Fv2%2Fproduct_cat&post=86600"},{"taxonomy":"product_tag","embeddable":true,"href":"https:\/\/ecursos.showdepremiosbendicasa.com.br\/index.php?rest_route=%2Fwp%2Fv2%2Fproduct_tag&post=86600"}],"curies":[{"name":"wp","href":"https:\/\/api.w.org\/{rel}","templated":true}]}}