
	{"id":86604,"date":"2024-09-04T16:15:15","date_gmt":"2024-09-04T19:15:15","guid":{"rendered":"https:\/\/ecursostreinaonline.com.br\/produto\/curso-de-customer-support\/"},"modified":"2024-09-04T16:15:15","modified_gmt":"2024-09-04T19:15:15","slug":"curso-de-customer-support","status":"publish","type":"product","link":"https:\/\/ecursos.showdepremiosbendicasa.com.br\/?product=curso-de-customer-support","title":{"rendered":"Curso de Customer Support"},"content":{"rendered":"<p>Voc\u00ea compreender\u00e1 os diferentes perfis comportamentais dos consumidores e qual o tipo de abordagem adequada para cada um deles, entender\u00e1 como analisar o atendimento ao cliente por meio da tecnologia, conhecer\u00e1 os canais utilizados e muito mais. Quem viu esse curso tamb\u00e9m gostou do Curso de Facebook Marketplace e Loja no Instagram,, Intelig\u00eancia de Vendas, e Marketing Multin\u00edvel,.<\/p>\n<p>Sobre a carga hor\u00e1ria:<br \/>\nO curso possui 80 horas de carga hor\u00e1ria. Por\u00e9m, se for conclu\u00eddo antes de 5 dias, passa a ter 10 horas de carga hor\u00e1ria. Conforme nosso contrato e termos de uso.<\/p>\n","protected":false},"excerpt":{"rendered":"<p>Voc\u00ea compreender\u00e1 os diferentes perfis comportamentais dos consumidores e qual o tipo de abordagem adequada para cada um deles, entender\u00e1 como analisar o atendimento ao cliente por meio da tecnologia, conhecer\u00e1 os canais utilizados e muito mais. Quem viu esse curso tamb\u00e9m gostou do Curso de Facebook Marketplace e Loja no Instagram,, Intelig\u00eancia de Vendas, e Marketing Multin\u00edvel,. Sobre a [&hellip;]<\/p>\n","protected":false},"featured_media":0,"comment_status":"open","ping_status":"closed","template":"","meta":[],"product_cat":[237],"product_tag":[],"class_list":{"0":"post-86604","1":"product","2":"type-product","3":"status-publish","5":"product_cat-vendas","6":"post","8":"first","9":"instock","10":"virtual","11":"sold-individually","12":"product-type-simple"},"_links":{"self":[{"href":"https:\/\/ecursos.showdepremiosbendicasa.com.br\/index.php?rest_route=\/wp\/v2\/product\/86604"}],"collection":[{"href":"https:\/\/ecursos.showdepremiosbendicasa.com.br\/index.php?rest_route=\/wp\/v2\/product"}],"about":[{"href":"https:\/\/ecursos.showdepremiosbendicasa.com.br\/index.php?rest_route=\/wp\/v2\/types\/product"}],"replies":[{"embeddable":true,"href":"https:\/\/ecursos.showdepremiosbendicasa.com.br\/index.php?rest_route=%2Fwp%2Fv2%2Fcomments&post=86604"}],"version-history":[{"count":0,"href":"https:\/\/ecursos.showdepremiosbendicasa.com.br\/index.php?rest_route=\/wp\/v2\/product\/86604\/revisions"}],"wp:attachment":[{"href":"https:\/\/ecursos.showdepremiosbendicasa.com.br\/index.php?rest_route=%2Fwp%2Fv2%2Fmedia&parent=86604"}],"wp:term":[{"taxonomy":"product_cat","embeddable":true,"href":"https:\/\/ecursos.showdepremiosbendicasa.com.br\/index.php?rest_route=%2Fwp%2Fv2%2Fproduct_cat&post=86604"},{"taxonomy":"product_tag","embeddable":true,"href":"https:\/\/ecursos.showdepremiosbendicasa.com.br\/index.php?rest_route=%2Fwp%2Fv2%2Fproduct_tag&post=86604"}],"curies":[{"name":"wp","href":"https:\/\/api.w.org\/{rel}","templated":true}]}}