
	{"id":86609,"date":"2024-09-04T16:15:20","date_gmt":"2024-09-04T19:15:20","guid":{"rendered":"https:\/\/ecursostreinaonline.com.br\/produto\/curso-de-direito-do-consumidor-2\/"},"modified":"2024-09-04T16:15:20","modified_gmt":"2024-09-04T19:15:20","slug":"curso-de-direito-do-consumidor-2","status":"publish","type":"product","link":"https:\/\/ecursos.showdepremiosbendicasa.com.br\/?product=curso-de-direito-do-consumidor-2","title":{"rendered":"Curso de Direito do Consumidor"},"content":{"rendered":"<p>Voc\u00ea conhecer\u00e1 os direitos b\u00e1sicos do consumidor, quais s\u00e3o os princ\u00edpios, compet\u00eancia do SNDC, defesa do consumidor em ju\u00edzo, infra\u00e7\u00f5es penais, contrato de ades\u00e3o, direito sobre os dados, o que s\u00e3o cl\u00e1usulas e pr\u00e1ticas abusivas, v\u00edcio aparente e oculto, responsabilidades, e muito mais. Geralmente quem gosta desse curso gostam tamb\u00e9m do Curso de Introdu\u00e7\u00e3o ao Direito Tribut\u00e1rio,, Preven\u00e7\u00e3o e Combate ao Ass\u00e9dio Sexual e de G\u00eanero, e Estatuto da Crian\u00e7a e do Adolescente: Conselho Tutelar,.<\/p>\n<p>Sobre a carga hor\u00e1ria:<br \/>\nO curso possui 80 horas de carga hor\u00e1ria. Por\u00e9m, se for conclu\u00eddo antes de 5 dias, passa a ter 10 horas de carga hor\u00e1ria. Conforme nosso contrato e termos de uso.<\/p>\n","protected":false},"excerpt":{"rendered":"<p>Voc\u00ea conhecer\u00e1 os direitos b\u00e1sicos do consumidor, quais s\u00e3o os princ\u00edpios, compet\u00eancia do SNDC, defesa do consumidor em ju\u00edzo, infra\u00e7\u00f5es penais, contrato de ades\u00e3o, direito sobre os dados, o que s\u00e3o cl\u00e1usulas e pr\u00e1ticas abusivas, v\u00edcio aparente e oculto, responsabilidades, e muito mais. Geralmente quem gosta desse curso gostam tamb\u00e9m do Curso de Introdu\u00e7\u00e3o ao Direito Tribut\u00e1rio,, Preven\u00e7\u00e3o e Combate [&hellip;]<\/p>\n","protected":false},"featured_media":0,"comment_status":"open","ping_status":"closed","template":"","meta":[],"product_cat":[211],"product_tag":[],"class_list":{"0":"post-86609","1":"product","2":"type-product","3":"status-publish","5":"product_cat-direito","6":"post","8":"first","9":"instock","10":"virtual","11":"sold-individually","12":"product-type-simple"},"_links":{"self":[{"href":"https:\/\/ecursos.showdepremiosbendicasa.com.br\/index.php?rest_route=\/wp\/v2\/product\/86609"}],"collection":[{"href":"https:\/\/ecursos.showdepremiosbendicasa.com.br\/index.php?rest_route=\/wp\/v2\/product"}],"about":[{"href":"https:\/\/ecursos.showdepremiosbendicasa.com.br\/index.php?rest_route=\/wp\/v2\/types\/product"}],"replies":[{"embeddable":true,"href":"https:\/\/ecursos.showdepremiosbendicasa.com.br\/index.php?rest_route=%2Fwp%2Fv2%2Fcomments&post=86609"}],"version-history":[{"count":0,"href":"https:\/\/ecursos.showdepremiosbendicasa.com.br\/index.php?rest_route=\/wp\/v2\/product\/86609\/revisions"}],"wp:attachment":[{"href":"https:\/\/ecursos.showdepremiosbendicasa.com.br\/index.php?rest_route=%2Fwp%2Fv2%2Fmedia&parent=86609"}],"wp:term":[{"taxonomy":"product_cat","embeddable":true,"href":"https:\/\/ecursos.showdepremiosbendicasa.com.br\/index.php?rest_route=%2Fwp%2Fv2%2Fproduct_cat&post=86609"},{"taxonomy":"product_tag","embeddable":true,"href":"https:\/\/ecursos.showdepremiosbendicasa.com.br\/index.php?rest_route=%2Fwp%2Fv2%2Fproduct_tag&post=86609"}],"curies":[{"name":"wp","href":"https:\/\/api.w.org\/{rel}","templated":true}]}}