
	{"id":86614,"date":"2024-09-04T16:15:24","date_gmt":"2024-09-04T19:15:24","guid":{"rendered":"https:\/\/ecursostreinaonline.com.br\/produto\/curso-de-drogas-de-abuso-2\/"},"modified":"2024-09-04T16:15:24","modified_gmt":"2024-09-04T19:15:24","slug":"curso-de-drogas-de-abuso-2","status":"publish","type":"product","link":"https:\/\/ecursos.showdepremiosbendicasa.com.br\/?product=curso-de-drogas-de-abuso-2","title":{"rendered":"Curso de Drogas de Abuso"},"content":{"rendered":"<p>Voc\u00ea aprender\u00e1 os conceitos de toxicologia, diferen\u00e7a entre drogas l\u00edcitas e il\u00edcitas, \u00edndice terap\u00eautico, psicof\u00e1rmacos, anti-inflamat\u00f3rios, principais amostras e analitos forenses, toxicologia sistem\u00e1tica, doping no esporte, \u00e1lcool, drogas e medicamentos no tr\u00e2nsito e ambiente de trabalho, estrat\u00e9gia cl\u00ednica e muito mais. Se voc\u00ea gostou desse curso vai gostar tamb\u00e9m do Curso de Introdu\u00e7\u00e3o \u00e0 Fonoaudiologia Hospitalar,, Introdu\u00e7\u00e3o ao Controle de infec\u00e7\u00f5es nos Servi\u00e7os de Sa\u00fade, e Fonoaudiologia Hospitalar,.<\/p>\n<p>Sobre a carga hor\u00e1ria:<br \/>\nO curso possui 80 horas de carga hor\u00e1ria. Por\u00e9m, se for conclu\u00eddo antes de 5 dias, passa a ter 10 horas de carga hor\u00e1ria. Conforme nosso contrato e termos de uso.<\/p>\n","protected":false},"excerpt":{"rendered":"<p>Voc\u00ea aprender\u00e1 os conceitos de toxicologia, diferen\u00e7a entre drogas l\u00edcitas e il\u00edcitas, \u00edndice terap\u00eautico, psicof\u00e1rmacos, anti-inflamat\u00f3rios, principais amostras e analitos forenses, toxicologia sistem\u00e1tica, doping no esporte, \u00e1lcool, drogas e medicamentos no tr\u00e2nsito e ambiente de trabalho, estrat\u00e9gia cl\u00ednica e muito mais. Se voc\u00ea gostou desse curso vai gostar tamb\u00e9m do Curso de Introdu\u00e7\u00e3o \u00e0 Fonoaudiologia Hospitalar,, Introdu\u00e7\u00e3o ao Controle de [&hellip;]<\/p>\n","protected":false},"featured_media":0,"comment_status":"open","ping_status":"closed","template":"","meta":[],"product_cat":[228],"product_tag":[],"class_list":{"0":"post-86614","1":"product","2":"type-product","3":"status-publish","5":"product_cat-medicina","6":"post","8":"first","9":"instock","10":"virtual","11":"sold-individually","12":"product-type-simple"},"_links":{"self":[{"href":"https:\/\/ecursos.showdepremiosbendicasa.com.br\/index.php?rest_route=\/wp\/v2\/product\/86614"}],"collection":[{"href":"https:\/\/ecursos.showdepremiosbendicasa.com.br\/index.php?rest_route=\/wp\/v2\/product"}],"about":[{"href":"https:\/\/ecursos.showdepremiosbendicasa.com.br\/index.php?rest_route=\/wp\/v2\/types\/product"}],"replies":[{"embeddable":true,"href":"https:\/\/ecursos.showdepremiosbendicasa.com.br\/index.php?rest_route=%2Fwp%2Fv2%2Fcomments&post=86614"}],"version-history":[{"count":0,"href":"https:\/\/ecursos.showdepremiosbendicasa.com.br\/index.php?rest_route=\/wp\/v2\/product\/86614\/revisions"}],"wp:attachment":[{"href":"https:\/\/ecursos.showdepremiosbendicasa.com.br\/index.php?rest_route=%2Fwp%2Fv2%2Fmedia&parent=86614"}],"wp:term":[{"taxonomy":"product_cat","embeddable":true,"href":"https:\/\/ecursos.showdepremiosbendicasa.com.br\/index.php?rest_route=%2Fwp%2Fv2%2Fproduct_cat&post=86614"},{"taxonomy":"product_tag","embeddable":true,"href":"https:\/\/ecursos.showdepremiosbendicasa.com.br\/index.php?rest_route=%2Fwp%2Fv2%2Fproduct_tag&post=86614"}],"curies":[{"name":"wp","href":"https:\/\/api.w.org\/{rel}","templated":true}]}}