
	{"id":86634,"date":"2024-09-04T16:15:40","date_gmt":"2024-09-04T19:15:40","guid":{"rendered":"https:\/\/ecursostreinaonline.com.br\/produto\/curso-de-gestao-de-riscos-na-logistica\/"},"modified":"2024-09-04T16:15:40","modified_gmt":"2024-09-04T19:15:40","slug":"curso-de-gestao-de-riscos-na-logistica","status":"publish","type":"product","link":"https:\/\/ecursos.showdepremiosbendicasa.com.br\/?product=curso-de-gestao-de-riscos-na-logistica","title":{"rendered":"Curso de Gest\u00e3o de Riscos na Log\u00edstica"},"content":{"rendered":"<p>Voc\u00ea conhecer\u00e1 quais s\u00e3o os tipos de riscos, como identificar e classificar, quais s\u00e3o as etapas do processo de gest\u00e3o de riscos, ISO 31000, metodologia COSO, ferramenta FMEA, diagrama de Ishikawa e muito mais. Se voc\u00ea gostou desse curso vai gostar tamb\u00e9m do Curso de Gest\u00e3o de PPCPM,, Operador Econ\u00f4mico Autorizado, e Log\u00edstica Empresarial,.<\/p>\n<p>Sobre a carga hor\u00e1ria:<br \/>\nO curso possui 80 horas de carga hor\u00e1ria. Por\u00e9m, se for conclu\u00eddo antes de 5 dias, passa a ter 10 horas de carga hor\u00e1ria. Conforme nosso contrato e termos de uso.<\/p>\n","protected":false},"excerpt":{"rendered":"<p>Voc\u00ea conhecer\u00e1 quais s\u00e3o os tipos de riscos, como identificar e classificar, quais s\u00e3o as etapas do processo de gest\u00e3o de riscos, ISO 31000, metodologia COSO, ferramenta FMEA, diagrama de Ishikawa e muito mais. Se voc\u00ea gostou desse curso vai gostar tamb\u00e9m do Curso de Gest\u00e3o de PPCPM,, Operador Econ\u00f4mico Autorizado, e Log\u00edstica Empresarial,. Sobre a carga hor\u00e1ria: O curso [&hellip;]<\/p>\n","protected":false},"featured_media":0,"comment_status":"open","ping_status":"closed","template":"","meta":[],"product_cat":[227],"product_tag":[],"class_list":{"0":"post-86634","1":"product","2":"type-product","3":"status-publish","5":"product_cat-logistica","6":"post","8":"first","9":"instock","10":"virtual","11":"sold-individually","12":"product-type-simple"},"_links":{"self":[{"href":"https:\/\/ecursos.showdepremiosbendicasa.com.br\/index.php?rest_route=\/wp\/v2\/product\/86634"}],"collection":[{"href":"https:\/\/ecursos.showdepremiosbendicasa.com.br\/index.php?rest_route=\/wp\/v2\/product"}],"about":[{"href":"https:\/\/ecursos.showdepremiosbendicasa.com.br\/index.php?rest_route=\/wp\/v2\/types\/product"}],"replies":[{"embeddable":true,"href":"https:\/\/ecursos.showdepremiosbendicasa.com.br\/index.php?rest_route=%2Fwp%2Fv2%2Fcomments&post=86634"}],"version-history":[{"count":0,"href":"https:\/\/ecursos.showdepremiosbendicasa.com.br\/index.php?rest_route=\/wp\/v2\/product\/86634\/revisions"}],"wp:attachment":[{"href":"https:\/\/ecursos.showdepremiosbendicasa.com.br\/index.php?rest_route=%2Fwp%2Fv2%2Fmedia&parent=86634"}],"wp:term":[{"taxonomy":"product_cat","embeddable":true,"href":"https:\/\/ecursos.showdepremiosbendicasa.com.br\/index.php?rest_route=%2Fwp%2Fv2%2Fproduct_cat&post=86634"},{"taxonomy":"product_tag","embeddable":true,"href":"https:\/\/ecursos.showdepremiosbendicasa.com.br\/index.php?rest_route=%2Fwp%2Fv2%2Fproduct_tag&post=86634"}],"curies":[{"name":"wp","href":"https:\/\/api.w.org\/{rel}","templated":true}]}}