
	{"id":86645,"date":"2024-09-04T16:15:47","date_gmt":"2024-09-04T19:15:47","guid":{"rendered":"https:\/\/ecursostreinaonline.com.br\/produto\/curso-de-introducao-a-comunicacao-assertiva-2\/"},"modified":"2024-09-04T16:15:47","modified_gmt":"2024-09-04T19:15:47","slug":"curso-de-introducao-a-comunicacao-assertiva-2","status":"publish","type":"product","link":"https:\/\/ecursos.showdepremiosbendicasa.com.br\/?product=curso-de-introducao-a-comunicacao-assertiva-2","title":{"rendered":"Curso de Introdu\u00e7\u00e3o \u00e0 Comunica\u00e7\u00e3o Assertiva"},"content":{"rendered":"<p>Explica Comunica\u00e7\u00e3o pessoal e profissional, Elementos da comunica\u00e7\u00e3o, Definindo o prop\u00f3sito, Estrat\u00e9gia e posicionamento, Saber para comunicar, Imagem pessoal, Compet\u00eancia e habilidade, Compet\u00eancias t\u00e9cnicas, Compet\u00eancias socioemocionais e Formul\u00e1rio. Gostou desse curso? Ent\u00e3o veja tamb\u00e9m o Curso de Rela\u00e7\u00f5es Interpessoais no Trabalho na Pr\u00e1tica,, Construindo o Sucesso Atrav\u00e9s da Imagem, e Comunica\u00e7\u00e3o Assertiva,.<\/p>\n<p>Sobre a carga hor\u00e1ria:<br \/>\nO curso possui 10 horas de carga hor\u00e1ria.<\/p>\n","protected":false},"excerpt":{"rendered":"<p>Explica Comunica\u00e7\u00e3o pessoal e profissional, Elementos da comunica\u00e7\u00e3o, Definindo o prop\u00f3sito, Estrat\u00e9gia e posicionamento, Saber para comunicar, Imagem pessoal, Compet\u00eancia e habilidade, Compet\u00eancias t\u00e9cnicas, Compet\u00eancias socioemocionais e Formul\u00e1rio. Gostou desse curso? Ent\u00e3o veja tamb\u00e9m o Curso de Rela\u00e7\u00f5es Interpessoais no Trabalho na Pr\u00e1tica,, Construindo o Sucesso Atrav\u00e9s da Imagem, e Comunica\u00e7\u00e3o Assertiva,. Sobre a carga hor\u00e1ria: O curso possui 10 [&hellip;]<\/p>\n","protected":false},"featured_media":0,"comment_status":"open","ping_status":"closed","template":"","meta":[],"product_cat":[297],"product_tag":[],"class_list":{"0":"post-86645","1":"product","2":"type-product","3":"status-publish","5":"product_cat-desenvolvimento-pessoal","6":"post","8":"first","9":"instock","10":"virtual","11":"sold-individually","12":"product-type-simple"},"_links":{"self":[{"href":"https:\/\/ecursos.showdepremiosbendicasa.com.br\/index.php?rest_route=\/wp\/v2\/product\/86645"}],"collection":[{"href":"https:\/\/ecursos.showdepremiosbendicasa.com.br\/index.php?rest_route=\/wp\/v2\/product"}],"about":[{"href":"https:\/\/ecursos.showdepremiosbendicasa.com.br\/index.php?rest_route=\/wp\/v2\/types\/product"}],"replies":[{"embeddable":true,"href":"https:\/\/ecursos.showdepremiosbendicasa.com.br\/index.php?rest_route=%2Fwp%2Fv2%2Fcomments&post=86645"}],"version-history":[{"count":0,"href":"https:\/\/ecursos.showdepremiosbendicasa.com.br\/index.php?rest_route=\/wp\/v2\/product\/86645\/revisions"}],"wp:attachment":[{"href":"https:\/\/ecursos.showdepremiosbendicasa.com.br\/index.php?rest_route=%2Fwp%2Fv2%2Fmedia&parent=86645"}],"wp:term":[{"taxonomy":"product_cat","embeddable":true,"href":"https:\/\/ecursos.showdepremiosbendicasa.com.br\/index.php?rest_route=%2Fwp%2Fv2%2Fproduct_cat&post=86645"},{"taxonomy":"product_tag","embeddable":true,"href":"https:\/\/ecursos.showdepremiosbendicasa.com.br\/index.php?rest_route=%2Fwp%2Fv2%2Fproduct_tag&post=86645"}],"curies":[{"name":"wp","href":"https:\/\/api.w.org\/{rel}","templated":true}]}}