
	{"id":86648,"date":"2024-09-04T16:16:04","date_gmt":"2024-09-04T19:16:04","guid":{"rendered":"https:\/\/ecursostreinaonline.com.br\/produto\/curso-de-iso-9001\/"},"modified":"2024-09-04T16:16:04","modified_gmt":"2024-09-04T19:16:04","slug":"curso-de-iso-9001","status":"publish","type":"product","link":"https:\/\/ecursos.showdepremiosbendicasa.com.br\/?product=curso-de-iso-9001","title":{"rendered":"Curso de ISO 9001"},"content":{"rendered":"<p>Voc\u00ea conhecer\u00e1 a vers\u00e3o brasileira da Norma, diretrizes da Qualidade, quais s\u00e3o os requisitos obrigat\u00f3rios, etapas da implementa\u00e7\u00e3o, manuten\u00e7\u00e3o da certifica\u00e7\u00e3o, benef\u00edcios da integra\u00e7\u00e3o com outras Normas, princ\u00edpios da Qualidade Total e muito mais. Se voc\u00ea gostou desse curso vai gostar tamb\u00e9m do Curso de Back Office: Habilidades para Uma Boa Negocia\u00e7\u00e3o,, Introdu\u00e7\u00e3o ao Cargo de Back Office, e Introdu\u00e7\u00e3o ao Secretariado Executivo,.<\/p>\n<p>Sobre a carga hor\u00e1ria:<br \/>\nO curso possui 80 horas de carga hor\u00e1ria. Por\u00e9m, se for conclu\u00eddo antes de 5 dias, passa a ter 10 horas de carga hor\u00e1ria. Conforme nosso contrato e termos de uso.<\/p>\n","protected":false},"excerpt":{"rendered":"<p>Voc\u00ea conhecer\u00e1 a vers\u00e3o brasileira da Norma, diretrizes da Qualidade, quais s\u00e3o os requisitos obrigat\u00f3rios, etapas da implementa\u00e7\u00e3o, manuten\u00e7\u00e3o da certifica\u00e7\u00e3o, benef\u00edcios da integra\u00e7\u00e3o com outras Normas, princ\u00edpios da Qualidade Total e muito mais. Se voc\u00ea gostou desse curso vai gostar tamb\u00e9m do Curso de Back Office: Habilidades para Uma Boa Negocia\u00e7\u00e3o,, Introdu\u00e7\u00e3o ao Cargo de Back Office, e Introdu\u00e7\u00e3o [&hellip;]<\/p>\n","protected":false},"featured_media":0,"comment_status":"open","ping_status":"closed","template":"","meta":[],"product_cat":[199],"product_tag":[],"class_list":{"0":"post-86648","1":"product","2":"type-product","3":"status-publish","5":"product_cat-administracao","6":"post","8":"first","9":"instock","10":"virtual","11":"sold-individually","12":"product-type-simple"},"_links":{"self":[{"href":"https:\/\/ecursos.showdepremiosbendicasa.com.br\/index.php?rest_route=\/wp\/v2\/product\/86648"}],"collection":[{"href":"https:\/\/ecursos.showdepremiosbendicasa.com.br\/index.php?rest_route=\/wp\/v2\/product"}],"about":[{"href":"https:\/\/ecursos.showdepremiosbendicasa.com.br\/index.php?rest_route=\/wp\/v2\/types\/product"}],"replies":[{"embeddable":true,"href":"https:\/\/ecursos.showdepremiosbendicasa.com.br\/index.php?rest_route=%2Fwp%2Fv2%2Fcomments&post=86648"}],"version-history":[{"count":0,"href":"https:\/\/ecursos.showdepremiosbendicasa.com.br\/index.php?rest_route=\/wp\/v2\/product\/86648\/revisions"}],"wp:attachment":[{"href":"https:\/\/ecursos.showdepremiosbendicasa.com.br\/index.php?rest_route=%2Fwp%2Fv2%2Fmedia&parent=86648"}],"wp:term":[{"taxonomy":"product_cat","embeddable":true,"href":"https:\/\/ecursos.showdepremiosbendicasa.com.br\/index.php?rest_route=%2Fwp%2Fv2%2Fproduct_cat&post=86648"},{"taxonomy":"product_tag","embeddable":true,"href":"https:\/\/ecursos.showdepremiosbendicasa.com.br\/index.php?rest_route=%2Fwp%2Fv2%2Fproduct_tag&post=86648"}],"curies":[{"name":"wp","href":"https:\/\/api.w.org\/{rel}","templated":true}]}}