
	{"id":86671,"date":"2024-09-04T16:16:16","date_gmt":"2024-09-04T19:16:16","guid":{"rendered":"https:\/\/ecursostreinaonline.com.br\/produto\/curso-de-normas-abnt-para-trabalhos-academicos-2\/"},"modified":"2024-09-04T16:16:16","modified_gmt":"2024-09-04T19:16:16","slug":"curso-de-normas-abnt-para-trabalhos-academicos-2","status":"publish","type":"product","link":"https:\/\/ecursos.showdepremiosbendicasa.com.br\/?product=curso-de-normas-abnt-para-trabalhos-academicos-2","title":{"rendered":"Curso de Normas ABNT para Trabalhos Acad\u00eamicos"},"content":{"rendered":"<p>Voc\u00ea aprender\u00e1 o que s\u00e3o direitos autorais, pl\u00e1gio, como usar o CopySpider, como formatar a p\u00e1gina no Word, elementos pr\u00e9-textuais e p\u00f3s-textuais, tipos de cita\u00e7\u00f5es, refer\u00eancias, listas, sum\u00e1rio, tabelas, figuras, como usar o MORE, ReasearchRabbit e muito mais. Se voc\u00ea se interessou por esse, vai gostar tamb\u00e9m do Curso de Fortalecimento de V\u00ednculos na Educa\u00e7\u00e3o Infantil,, Intelig\u00eancia Artificial na Educa\u00e7\u00e3o, e Curso do Maker na Educa\u00e7\u00e3o,.<\/p>\n<p>Sobre a carga hor\u00e1ria:<br \/>\nO curso possui 80 horas de carga hor\u00e1ria. Por\u00e9m, se for conclu\u00eddo antes de 5 dias, passa a ter 10 horas de carga hor\u00e1ria. Conforme nosso contrato e termos de uso.<\/p>\n","protected":false},"excerpt":{"rendered":"<p>Voc\u00ea aprender\u00e1 o que s\u00e3o direitos autorais, pl\u00e1gio, como usar o CopySpider, como formatar a p\u00e1gina no Word, elementos pr\u00e9-textuais e p\u00f3s-textuais, tipos de cita\u00e7\u00f5es, refer\u00eancias, listas, sum\u00e1rio, tabelas, figuras, como usar o MORE, ReasearchRabbit e muito mais. Se voc\u00ea se interessou por esse, vai gostar tamb\u00e9m do Curso de Fortalecimento de V\u00ednculos na Educa\u00e7\u00e3o Infantil,, Intelig\u00eancia Artificial na Educa\u00e7\u00e3o, [&hellip;]<\/p>\n","protected":false},"featured_media":0,"comment_status":"open","ping_status":"closed","template":"","meta":[],"product_cat":[213],"product_tag":[],"class_list":{"0":"post-86671","1":"product","2":"type-product","3":"status-publish","5":"product_cat-educacao-e-pedagogia","6":"post","8":"first","9":"instock","10":"virtual","11":"sold-individually","12":"product-type-simple"},"_links":{"self":[{"href":"https:\/\/ecursos.showdepremiosbendicasa.com.br\/index.php?rest_route=\/wp\/v2\/product\/86671"}],"collection":[{"href":"https:\/\/ecursos.showdepremiosbendicasa.com.br\/index.php?rest_route=\/wp\/v2\/product"}],"about":[{"href":"https:\/\/ecursos.showdepremiosbendicasa.com.br\/index.php?rest_route=\/wp\/v2\/types\/product"}],"replies":[{"embeddable":true,"href":"https:\/\/ecursos.showdepremiosbendicasa.com.br\/index.php?rest_route=%2Fwp%2Fv2%2Fcomments&post=86671"}],"version-history":[{"count":0,"href":"https:\/\/ecursos.showdepremiosbendicasa.com.br\/index.php?rest_route=\/wp\/v2\/product\/86671\/revisions"}],"wp:attachment":[{"href":"https:\/\/ecursos.showdepremiosbendicasa.com.br\/index.php?rest_route=%2Fwp%2Fv2%2Fmedia&parent=86671"}],"wp:term":[{"taxonomy":"product_cat","embeddable":true,"href":"https:\/\/ecursos.showdepremiosbendicasa.com.br\/index.php?rest_route=%2Fwp%2Fv2%2Fproduct_cat&post=86671"},{"taxonomy":"product_tag","embeddable":true,"href":"https:\/\/ecursos.showdepremiosbendicasa.com.br\/index.php?rest_route=%2Fwp%2Fv2%2Fproduct_tag&post=86671"}],"curies":[{"name":"wp","href":"https:\/\/api.w.org\/{rel}","templated":true}]}}