
	{"id":86696,"date":"2024-09-04T16:16:36","date_gmt":"2024-09-04T19:16:36","guid":{"rendered":"https:\/\/ecursostreinaonline.com.br\/produto\/curso-de-seguranca-do-trabalho\/"},"modified":"2024-09-04T16:16:36","modified_gmt":"2024-09-04T19:16:36","slug":"curso-de-seguranca-do-trabalho","status":"publish","type":"product","link":"https:\/\/ecursos.showdepremiosbendicasa.com.br\/?product=curso-de-seguranca-do-trabalho","title":{"rendered":"Curso de Seguran\u00e7a do Trabalho"},"content":{"rendered":"<p>Voc\u00ea aprender\u00e1 como identificar riscos, o que s\u00e3o EPIs, EPCs, NRs, dimensionamento do SESMT, CIPA, como \u00e9 formada uma Brigada e muito mais. Aproveitamos para indicar tamb\u00e9m: Curso de NR6,, NR4: SESMT, e No\u00e7\u00f5es B\u00e1sicas em Primeiros Socorros,.<\/p>\n<p>Sobre a carga hor\u00e1ria:<br \/>\nO curso possui 80 horas de carga hor\u00e1ria. Por\u00e9m, se for conclu\u00eddo antes de 5 dias, passa a ter 10 horas de carga hor\u00e1ria. Conforme nosso contrato e termos de uso.<\/p>\n","protected":false},"excerpt":{"rendered":"<p>Voc\u00ea aprender\u00e1 como identificar riscos, o que s\u00e3o EPIs, EPCs, NRs, dimensionamento do SESMT, CIPA, como \u00e9 formada uma Brigada e muito mais. Aproveitamos para indicar tamb\u00e9m: Curso de NR6,, NR4: SESMT, e No\u00e7\u00f5es B\u00e1sicas em Primeiros Socorros,. Sobre a carga hor\u00e1ria: O curso possui 80 horas de carga hor\u00e1ria. Por\u00e9m, se for conclu\u00eddo antes de 5 dias, passa a [&hellip;]<\/p>\n","protected":false},"featured_media":0,"comment_status":"open","ping_status":"closed","template":"","meta":[],"product_cat":[300],"product_tag":[],"class_list":{"0":"post-86696","1":"product","2":"type-product","3":"status-publish","5":"product_cat-seguranca-do-trabalho","6":"post","8":"first","9":"instock","10":"virtual","11":"sold-individually","12":"product-type-simple"},"_links":{"self":[{"href":"https:\/\/ecursos.showdepremiosbendicasa.com.br\/index.php?rest_route=\/wp\/v2\/product\/86696"}],"collection":[{"href":"https:\/\/ecursos.showdepremiosbendicasa.com.br\/index.php?rest_route=\/wp\/v2\/product"}],"about":[{"href":"https:\/\/ecursos.showdepremiosbendicasa.com.br\/index.php?rest_route=\/wp\/v2\/types\/product"}],"replies":[{"embeddable":true,"href":"https:\/\/ecursos.showdepremiosbendicasa.com.br\/index.php?rest_route=%2Fwp%2Fv2%2Fcomments&post=86696"}],"version-history":[{"count":0,"href":"https:\/\/ecursos.showdepremiosbendicasa.com.br\/index.php?rest_route=\/wp\/v2\/product\/86696\/revisions"}],"wp:attachment":[{"href":"https:\/\/ecursos.showdepremiosbendicasa.com.br\/index.php?rest_route=%2Fwp%2Fv2%2Fmedia&parent=86696"}],"wp:term":[{"taxonomy":"product_cat","embeddable":true,"href":"https:\/\/ecursos.showdepremiosbendicasa.com.br\/index.php?rest_route=%2Fwp%2Fv2%2Fproduct_cat&post=86696"},{"taxonomy":"product_tag","embeddable":true,"href":"https:\/\/ecursos.showdepremiosbendicasa.com.br\/index.php?rest_route=%2Fwp%2Fv2%2Fproduct_tag&post=86696"}],"curies":[{"name":"wp","href":"https:\/\/api.w.org\/{rel}","templated":true}]}}