
	{"id":86701,"date":"2024-09-04T16:16:41","date_gmt":"2024-09-04T19:16:41","guid":{"rendered":"https:\/\/ecursostreinaonline.com.br\/produto\/curso-de-tomada-de-decisao-baseada-em-dados\/"},"modified":"2024-09-04T16:16:41","modified_gmt":"2024-09-04T19:16:41","slug":"curso-de-tomada-de-decisao-baseada-em-dados","status":"publish","type":"product","link":"https:\/\/ecursos.showdepremiosbendicasa.com.br\/?product=curso-de-tomada-de-decisao-baseada-em-dados","title":{"rendered":"Curso de Tomada de Decis\u00e3o Baseada em Dados"},"content":{"rendered":"<p>Explica os tipos de decis\u00f5es, a import\u00e2ncia das m\u00e9tricas, como coletar e interpretar os dados, an\u00e1lise de predi\u00e7\u00e3o, avalia\u00e7\u00e3o de resultados, resolu\u00e7\u00e3o de problemas, uso da tecnologia na gest\u00e3o de dados e muito mais. Al\u00e9m disso temos tamb\u00e9m o Curso de NR4: SESMT,, Auxiliar de Escrit\u00f3rio: Departamento Administrativo, e Planejamento Estrat\u00e9gico na Pr\u00e1tica,.<\/p>\n<p>Sobre a carga hor\u00e1ria:<br \/>\nO curso possui 80 horas de carga hor\u00e1ria. Por\u00e9m, se for conclu\u00eddo antes de 5 dias, passa a ter 10 horas de carga hor\u00e1ria. Conforme nosso contrato e termos de uso.<\/p>\n","protected":false},"excerpt":{"rendered":"<p>Explica os tipos de decis\u00f5es, a import\u00e2ncia das m\u00e9tricas, como coletar e interpretar os dados, an\u00e1lise de predi\u00e7\u00e3o, avalia\u00e7\u00e3o de resultados, resolu\u00e7\u00e3o de problemas, uso da tecnologia na gest\u00e3o de dados e muito mais. Al\u00e9m disso temos tamb\u00e9m o Curso de NR4: SESMT,, Auxiliar de Escrit\u00f3rio: Departamento Administrativo, e Planejamento Estrat\u00e9gico na Pr\u00e1tica,. Sobre a carga hor\u00e1ria: O curso possui [&hellip;]<\/p>\n","protected":false},"featured_media":0,"comment_status":"open","ping_status":"closed","template":"","meta":[],"product_cat":[199],"product_tag":[],"class_list":{"0":"post-86701","1":"product","2":"type-product","3":"status-publish","5":"product_cat-administracao","6":"post","8":"first","9":"instock","10":"virtual","11":"sold-individually","12":"product-type-simple"},"_links":{"self":[{"href":"https:\/\/ecursos.showdepremiosbendicasa.com.br\/index.php?rest_route=\/wp\/v2\/product\/86701"}],"collection":[{"href":"https:\/\/ecursos.showdepremiosbendicasa.com.br\/index.php?rest_route=\/wp\/v2\/product"}],"about":[{"href":"https:\/\/ecursos.showdepremiosbendicasa.com.br\/index.php?rest_route=\/wp\/v2\/types\/product"}],"replies":[{"embeddable":true,"href":"https:\/\/ecursos.showdepremiosbendicasa.com.br\/index.php?rest_route=%2Fwp%2Fv2%2Fcomments&post=86701"}],"version-history":[{"count":0,"href":"https:\/\/ecursos.showdepremiosbendicasa.com.br\/index.php?rest_route=\/wp\/v2\/product\/86701\/revisions"}],"wp:attachment":[{"href":"https:\/\/ecursos.showdepremiosbendicasa.com.br\/index.php?rest_route=%2Fwp%2Fv2%2Fmedia&parent=86701"}],"wp:term":[{"taxonomy":"product_cat","embeddable":true,"href":"https:\/\/ecursos.showdepremiosbendicasa.com.br\/index.php?rest_route=%2Fwp%2Fv2%2Fproduct_cat&post=86701"},{"taxonomy":"product_tag","embeddable":true,"href":"https:\/\/ecursos.showdepremiosbendicasa.com.br\/index.php?rest_route=%2Fwp%2Fv2%2Fproduct_tag&post=86701"}],"curies":[{"name":"wp","href":"https:\/\/api.w.org\/{rel}","templated":true}]}}