
	{"id":86705,"date":"2024-09-04T16:16:43","date_gmt":"2024-09-04T19:16:43","guid":{"rendered":"https:\/\/ecursostreinaonline.com.br\/produto\/curso-de-treinamento-funcional\/"},"modified":"2024-09-04T16:16:43","modified_gmt":"2024-09-04T19:16:43","slug":"curso-de-treinamento-funcional","status":"publish","type":"product","link":"https:\/\/ecursos.showdepremiosbendicasa.com.br\/?product=curso-de-treinamento-funcional","title":{"rendered":"Curso de Treinamento Funcional"},"content":{"rendered":"<p>Voc\u00ea ver\u00e1 como fazer o treino funcional apenas com o corpo e tamb\u00e9m com equipamentos para intensificar os exerc\u00edcios, aprender\u00e1 como planejar um treino, como escolher o local ideal para treinar, exerc\u00edcios unilaterais e muito mais. Quem gosta desse curso tamb\u00e9m gosta do Curso de Defesa Pessoal,, Introdu\u00e7\u00e3o a Muscula\u00e7\u00e3o, e Atividade F\u00edsica no Envelhecimento: Sele\u00e7\u00e3o de Exerc\u00edcios,.<\/p>\n<p>Sobre a carga hor\u00e1ria:<br \/>\nO curso possui 80 horas de carga hor\u00e1ria. Por\u00e9m, se for conclu\u00eddo antes de 5 dias, passa a ter 10 horas de carga hor\u00e1ria. Conforme nosso contrato e termos de uso.<\/p>\n","protected":false},"excerpt":{"rendered":"<p>Voc\u00ea ver\u00e1 como fazer o treino funcional apenas com o corpo e tamb\u00e9m com equipamentos para intensificar os exerc\u00edcios, aprender\u00e1 como planejar um treino, como escolher o local ideal para treinar, exerc\u00edcios unilaterais e muito mais. Quem gosta desse curso tamb\u00e9m gosta do Curso de Defesa Pessoal,, Introdu\u00e7\u00e3o a Muscula\u00e7\u00e3o, e Atividade F\u00edsica no Envelhecimento: Sele\u00e7\u00e3o de Exerc\u00edcios,. Sobre a [&hellip;]<\/p>\n","protected":false},"featured_media":0,"comment_status":"open","ping_status":"closed","template":"","meta":[],"product_cat":[214],"product_tag":[],"class_list":{"0":"post-86705","1":"product","2":"type-product","3":"status-publish","5":"product_cat-educacao-fisica-e-esporte","6":"post","8":"first","9":"instock","10":"virtual","11":"sold-individually","12":"product-type-simple"},"_links":{"self":[{"href":"https:\/\/ecursos.showdepremiosbendicasa.com.br\/index.php?rest_route=\/wp\/v2\/product\/86705"}],"collection":[{"href":"https:\/\/ecursos.showdepremiosbendicasa.com.br\/index.php?rest_route=\/wp\/v2\/product"}],"about":[{"href":"https:\/\/ecursos.showdepremiosbendicasa.com.br\/index.php?rest_route=\/wp\/v2\/types\/product"}],"replies":[{"embeddable":true,"href":"https:\/\/ecursos.showdepremiosbendicasa.com.br\/index.php?rest_route=%2Fwp%2Fv2%2Fcomments&post=86705"}],"version-history":[{"count":0,"href":"https:\/\/ecursos.showdepremiosbendicasa.com.br\/index.php?rest_route=\/wp\/v2\/product\/86705\/revisions"}],"wp:attachment":[{"href":"https:\/\/ecursos.showdepremiosbendicasa.com.br\/index.php?rest_route=%2Fwp%2Fv2%2Fmedia&parent=86705"}],"wp:term":[{"taxonomy":"product_cat","embeddable":true,"href":"https:\/\/ecursos.showdepremiosbendicasa.com.br\/index.php?rest_route=%2Fwp%2Fv2%2Fproduct_cat&post=86705"},{"taxonomy":"product_tag","embeddable":true,"href":"https:\/\/ecursos.showdepremiosbendicasa.com.br\/index.php?rest_route=%2Fwp%2Fv2%2Fproduct_tag&post=86705"}],"curies":[{"name":"wp","href":"https:\/\/api.w.org\/{rel}","templated":true}]}}