
	{"id":86708,"date":"2024-09-04T16:16:46","date_gmt":"2024-09-04T19:16:46","guid":{"rendered":"https:\/\/ecursostreinaonline.com.br\/produto\/curso-de-windows-10\/"},"modified":"2024-09-04T16:16:46","modified_gmt":"2024-09-04T19:16:46","slug":"curso-de-windows-10","status":"publish","type":"product","link":"https:\/\/ecursos.showdepremiosbendicasa.com.br\/?product=curso-de-windows-10","title":{"rendered":"Curso de Windows 10"},"content":{"rendered":"<p>Voc\u00ea aprender\u00e1 como ter o melhor aproveitamento do sistema, descobrir\u00e1 como utilizar o gerenciador de tarefas, como personalizar o Windows 10 e muito mais. Se voc\u00ea se interessou por esse, vai gostar tamb\u00e9m do Curso de WordPress: Plugins,, Manuten\u00e7\u00e3o de Computadores: Instala\u00e7\u00e3o do Windows 7 e 8, e Java,.<\/p>\n<p>Sobre a carga hor\u00e1ria:<br \/>\nO curso possui 80 horas de carga hor\u00e1ria. Por\u00e9m, se for conclu\u00eddo antes de 5 dias, passa a ter 10 horas de carga hor\u00e1ria. Conforme nosso contrato e termos de uso.<\/p>\n","protected":false},"excerpt":{"rendered":"<p>Voc\u00ea aprender\u00e1 como ter o melhor aproveitamento do sistema, descobrir\u00e1 como utilizar o gerenciador de tarefas, como personalizar o Windows 10 e muito mais. Se voc\u00ea se interessou por esse, vai gostar tamb\u00e9m do Curso de WordPress: Plugins,, Manuten\u00e7\u00e3o de Computadores: Instala\u00e7\u00e3o do Windows 7 e 8, e Java,. Sobre a carga hor\u00e1ria: O curso possui 80 horas de carga [&hellip;]<\/p>\n","protected":false},"featured_media":0,"comment_status":"open","ping_status":"closed","template":"","meta":[],"product_cat":[225],"product_tag":[],"class_list":{"0":"post-86708","1":"product","2":"type-product","3":"status-publish","5":"product_cat-informatica","6":"post","8":"first","9":"instock","10":"virtual","11":"sold-individually","12":"product-type-simple"},"_links":{"self":[{"href":"https:\/\/ecursos.showdepremiosbendicasa.com.br\/index.php?rest_route=\/wp\/v2\/product\/86708"}],"collection":[{"href":"https:\/\/ecursos.showdepremiosbendicasa.com.br\/index.php?rest_route=\/wp\/v2\/product"}],"about":[{"href":"https:\/\/ecursos.showdepremiosbendicasa.com.br\/index.php?rest_route=\/wp\/v2\/types\/product"}],"replies":[{"embeddable":true,"href":"https:\/\/ecursos.showdepremiosbendicasa.com.br\/index.php?rest_route=%2Fwp%2Fv2%2Fcomments&post=86708"}],"version-history":[{"count":0,"href":"https:\/\/ecursos.showdepremiosbendicasa.com.br\/index.php?rest_route=\/wp\/v2\/product\/86708\/revisions"}],"wp:attachment":[{"href":"https:\/\/ecursos.showdepremiosbendicasa.com.br\/index.php?rest_route=%2Fwp%2Fv2%2Fmedia&parent=86708"}],"wp:term":[{"taxonomy":"product_cat","embeddable":true,"href":"https:\/\/ecursos.showdepremiosbendicasa.com.br\/index.php?rest_route=%2Fwp%2Fv2%2Fproduct_cat&post=86708"},{"taxonomy":"product_tag","embeddable":true,"href":"https:\/\/ecursos.showdepremiosbendicasa.com.br\/index.php?rest_route=%2Fwp%2Fv2%2Fproduct_tag&post=86708"}],"curies":[{"name":"wp","href":"https:\/\/api.w.org\/{rel}","templated":true}]}}